{"id":42327,"date":"2026-02-24T11:28:14","date_gmt":"2026-02-24T10:28:14","guid":{"rendered":"https:\/\/imprimeideas.es\/?post_type=product&p=42327"},"modified":"2026-02-26T18:32:54","modified_gmt":"2026-02-26T17:32:54","slug":"boligrafo-logard","status":"publish","type":"product","link":"https:\/\/imprimeideas.es\/en\/product\/boligrafo-logard\/","title":{"rendered":"Bol\u00edgrafo Logard"},"content":{"rendered":"<p>Elegante bol\u00edgrafo de l\u00ednea nature y mecanismo pulsador. Cuerpo en resistente aluminio de acabado goma y empu\u00f1adura en corcho, con la ca\u00f1a en una amplia gama de distintivos colores. Clip met\u00e1lico, con pulsador retr\u00e1ctil y en tinta azul. Presentado en bolsa individual reciclada.Elaborado con elementos vegetales para as\u00ed fomentar la utilizaci\u00f3n de materias primas naturales y reducir las emisiones contaminantes.<\/p>","protected":false},"excerpt":{"rendered":"<p>Elegante bol\u00edgrafo de l\u00ednea nature y mecanismo pulsador. Cuerpo en resistente aluminio de acabado goma y empu\u00f1adura en corcho, con<\/p>","protected":false},"featured_media":73876,"comment_status":"open","ping_status":"open","template":"","meta":{"inline_featured_image":false},"product_brand":[],"product_cat":[122,100],"product_tag":[],"class_list":{"0":"post-42327","1":"product","2":"type-product","3":"status-publish","4":"has-post-thumbnail","6":"product_cat-articulos-sostenibles","7":"product_cat-escritura","9":"first","10":"instock","11":"taxable","12":"shipping-taxable","13":"purchasable","14":"product-type-variable","15":"has-default-attributes"},"aioseo_notices":[],"_links":{"self":[{"href":"https:\/\/imprimeideas.es\/en\/wp-json\/wp\/v2\/product\/42327","targetHints":{"allow":["GET"]}}],"collection":[{"href":"https:\/\/imprimeideas.es\/en\/wp-json\/wp\/v2\/product"}],"about":[{"href":"https:\/\/imprimeideas.es\/en\/wp-json\/wp\/v2\/types\/product"}],"replies":[{"embeddable":true,"href":"https:\/\/imprimeideas.es\/en\/wp-json\/wp\/v2\/comments?post=42327"}],"version-history":[{"count":1,"href":"https:\/\/imprimeideas.es\/en\/wp-json\/wp\/v2\/product\/42327\/revisions"}],"predecessor-version":[{"id":54960,"href":"https:\/\/imprimeideas.es\/en\/wp-json\/wp\/v2\/product\/42327\/revisions\/54960"}],"wp:featuredmedia":[{"embeddable":true,"href":"https:\/\/imprimeideas.es\/en\/wp-json\/wp\/v2\/media\/73876"}],"wp:attachment":[{"href":"https:\/\/imprimeideas.es\/en\/wp-json\/wp\/v2\/media?parent=42327"}],"wp:term":[{"taxonomy":"product_brand","embeddable":true,"href":"https:\/\/imprimeideas.es\/en\/wp-json\/wp\/v2\/product_brand?post=42327"},{"taxonomy":"product_cat","embeddable":true,"href":"https:\/\/imprimeideas.es\/en\/wp-json\/wp\/v2\/product_cat?post=42327"},{"taxonomy":"product_tag","embeddable":true,"href":"https:\/\/imprimeideas.es\/en\/wp-json\/wp\/v2\/product_tag?post=42327"}],"curies":[{"name":"wp","href":"https:\/\/api.w.org\/{rel}","templated":true}]}}