{"id":42314,"date":"2026-02-24T11:28:13","date_gmt":"2026-02-24T10:28:13","guid":{"rendered":"https:\/\/imprimeideas.es\/?post_type=product&p=42314"},"modified":"2026-02-26T18:19:23","modified_gmt":"2026-02-26T17:19:23","slug":"lapiz-eterno-billy","status":"publish","type":"product","link":"https:\/\/imprimeideas.es\/en\/product\/lapiz-eterno-billy\/","title":{"rendered":"L\u00e1piz Eterno Billy"},"content":{"rendered":"<p>L\u00e1piz eterno fabricado en bamb\u00fa. Reutilizable y con escritura infinita, para as\u00ed usar siempre el mismo l\u00e1piz y no generar residuos. Incluye goma de borrar en la parte superior del l\u00e1piz.Materiales como el bamb\u00fa fomentan la utilizaci\u00f3n de materias primas naturales reduciendo las emisiones contaminantes. Adem\u00e1s, el bamb\u00fa proviene de una planta de gran resistencia y versatilidad, con crecimiento y regeneraci\u00f3n r\u00e1pida, siendo una excelente alternativa al uso de madera tradicional.<\/p>","protected":false},"excerpt":{"rendered":"<p>L\u00e1piz eterno fabricado en bamb\u00fa. Reutilizable y con escritura infinita, para as\u00ed usar siempre el mismo l\u00e1piz y no generar<\/p>","protected":false},"featured_media":79975,"comment_status":"open","ping_status":"open","template":"","meta":{"inline_featured_image":false},"product_brand":[],"product_cat":[122,100],"product_tag":[],"class_list":{"0":"post-42314","1":"product","2":"type-product","3":"status-publish","4":"has-post-thumbnail","6":"product_cat-articulos-sostenibles","7":"product_cat-escritura","9":"first","10":"instock","11":"taxable","12":"shipping-taxable","13":"purchasable","14":"product-type-variable","15":"has-default-attributes"},"aioseo_notices":[],"_links":{"self":[{"href":"https:\/\/imprimeideas.es\/en\/wp-json\/wp\/v2\/product\/42314","targetHints":{"allow":["GET"]}}],"collection":[{"href":"https:\/\/imprimeideas.es\/en\/wp-json\/wp\/v2\/product"}],"about":[{"href":"https:\/\/imprimeideas.es\/en\/wp-json\/wp\/v2\/types\/product"}],"replies":[{"embeddable":true,"href":"https:\/\/imprimeideas.es\/en\/wp-json\/wp\/v2\/comments?post=42314"}],"version-history":[{"count":1,"href":"https:\/\/imprimeideas.es\/en\/wp-json\/wp\/v2\/product\/42314\/revisions"}],"predecessor-version":[{"id":54956,"href":"https:\/\/imprimeideas.es\/en\/wp-json\/wp\/v2\/product\/42314\/revisions\/54956"}],"wp:featuredmedia":[{"embeddable":true,"href":"https:\/\/imprimeideas.es\/en\/wp-json\/wp\/v2\/media\/79975"}],"wp:attachment":[{"href":"https:\/\/imprimeideas.es\/en\/wp-json\/wp\/v2\/media?parent=42314"}],"wp:term":[{"taxonomy":"product_brand","embeddable":true,"href":"https:\/\/imprimeideas.es\/en\/wp-json\/wp\/v2\/product_brand?post=42314"},{"taxonomy":"product_cat","embeddable":true,"href":"https:\/\/imprimeideas.es\/en\/wp-json\/wp\/v2\/product_cat?post=42314"},{"taxonomy":"product_tag","embeddable":true,"href":"https:\/\/imprimeideas.es\/en\/wp-json\/wp\/v2\/product_tag?post=42314"}],"curies":[{"name":"wp","href":"https:\/\/api.w.org\/{rel}","templated":true}]}}