{"id":42308,"date":"2026-02-24T11:28:12","date_gmt":"2026-02-24T10:28:12","guid":{"rendered":"https:\/\/imprimeideas.es\/?post_type=product&p=42308"},"modified":"2026-02-26T18:32:58","modified_gmt":"2026-02-26T17:32:58","slug":"balsamo-labial-vegano-maltix","status":"publish","type":"product","link":"https:\/\/imprimeideas.es\/en\/product\/balsamo-labial-vegano-maltix\/","title":{"rendered":"B\u00e1lsamo Labial Vegano Maltix"},"content":{"rendered":"<p>B\u00e1lsamo labial vegano dermatol\u00f3gicamente testado. Una alternativa 100% natural y de origen vegetal. Con aroma vainilla y protecci\u00f3n SPF15. En tarrito de aluminio con tapa a rosca y acabado metalizado.<\/p>","protected":false},"excerpt":{"rendered":"<p>SPF15. Aroma Vainilla<\/p>","protected":false},"featured_media":73295,"comment_status":"open","ping_status":"open","template":"","meta":{"inline_featured_image":false},"product_brand":[],"product_cat":[122,107,106],"product_tag":[],"class_list":{"0":"post-42308","1":"product","2":"type-product","3":"status-publish","4":"has-post-thumbnail","6":"product_cat-articulos-sostenibles","7":"product_cat-cuidado-personal-y-pharma","8":"product_cat-regalos-y-premiums","10":"first","11":"instock","12":"taxable","13":"shipping-taxable","14":"purchasable","15":"product-type-variable","16":"has-default-attributes"},"aioseo_notices":[],"_links":{"self":[{"href":"https:\/\/imprimeideas.es\/en\/wp-json\/wp\/v2\/product\/42308","targetHints":{"allow":["GET"]}}],"collection":[{"href":"https:\/\/imprimeideas.es\/en\/wp-json\/wp\/v2\/product"}],"about":[{"href":"https:\/\/imprimeideas.es\/en\/wp-json\/wp\/v2\/types\/product"}],"replies":[{"embeddable":true,"href":"https:\/\/imprimeideas.es\/en\/wp-json\/wp\/v2\/comments?post=42308"}],"version-history":[{"count":1,"href":"https:\/\/imprimeideas.es\/en\/wp-json\/wp\/v2\/product\/42308\/revisions"}],"predecessor-version":[{"id":54953,"href":"https:\/\/imprimeideas.es\/en\/wp-json\/wp\/v2\/product\/42308\/revisions\/54953"}],"wp:featuredmedia":[{"embeddable":true,"href":"https:\/\/imprimeideas.es\/en\/wp-json\/wp\/v2\/media\/73295"}],"wp:attachment":[{"href":"https:\/\/imprimeideas.es\/en\/wp-json\/wp\/v2\/media?parent=42308"}],"wp:term":[{"taxonomy":"product_brand","embeddable":true,"href":"https:\/\/imprimeideas.es\/en\/wp-json\/wp\/v2\/product_brand?post=42308"},{"taxonomy":"product_cat","embeddable":true,"href":"https:\/\/imprimeideas.es\/en\/wp-json\/wp\/v2\/product_cat?post=42308"},{"taxonomy":"product_tag","embeddable":true,"href":"https:\/\/imprimeideas.es\/en\/wp-json\/wp\/v2\/product_tag?post=42308"}],"curies":[{"name":"wp","href":"https:\/\/api.w.org\/{rel}","templated":true}]}}