{"id":42302,"date":"2026-02-24T11:28:11","date_gmt":"2026-02-24T10:28:11","guid":{"rendered":"https:\/\/imprimeideas.es\/?post_type=product&p=42302"},"modified":"2026-02-26T18:37:39","modified_gmt":"2026-02-26T17:37:39","slug":"peluche-nando","status":"publish","type":"product","link":"https:\/\/imprimeideas.es\/en\/product\/peluche-nando\/","title":{"rendered":"Peluche Nando"},"content":{"rendered":"<p>Suaves y adorables peluches con motivos navide\u00f1os. Disponibles en tres divertidos y originales dise\u00f1os: Papa Noel, Mu\u00f1eco de Nieve y Reno. Presentado en bolsa individual reciclada.<\/p>","protected":false},"excerpt":{"rendered":"<p>Suaves y adorables peluches con motivos navide\u00f1os. Disponibles en tres divertidos y originales dise\u00f1os: Papa Noel, Mu\u00f1eco de Nieve y<\/p>","protected":false},"featured_media":70762,"comment_status":"open","ping_status":"open","template":"","meta":{"inline_featured_image":false},"product_brand":[],"product_cat":[108,127],"product_tag":[],"class_list":{"0":"post-42302","1":"product","2":"type-product","3":"status-publish","4":"has-post-thumbnail","6":"product_cat-infantil","7":"product_cat-navidad","9":"first","10":"instock","11":"taxable","12":"shipping-taxable","13":"purchasable","14":"product-type-variable","15":"has-default-attributes"},"aioseo_notices":[],"_links":{"self":[{"href":"https:\/\/imprimeideas.es\/en\/wp-json\/wp\/v2\/product\/42302","targetHints":{"allow":["GET"]}}],"collection":[{"href":"https:\/\/imprimeideas.es\/en\/wp-json\/wp\/v2\/product"}],"about":[{"href":"https:\/\/imprimeideas.es\/en\/wp-json\/wp\/v2\/types\/product"}],"replies":[{"embeddable":true,"href":"https:\/\/imprimeideas.es\/en\/wp-json\/wp\/v2\/comments?post=42302"}],"version-history":[{"count":1,"href":"https:\/\/imprimeideas.es\/en\/wp-json\/wp\/v2\/product\/42302\/revisions"}],"predecessor-version":[{"id":54951,"href":"https:\/\/imprimeideas.es\/en\/wp-json\/wp\/v2\/product\/42302\/revisions\/54951"}],"wp:featuredmedia":[{"embeddable":true,"href":"https:\/\/imprimeideas.es\/en\/wp-json\/wp\/v2\/media\/70762"}],"wp:attachment":[{"href":"https:\/\/imprimeideas.es\/en\/wp-json\/wp\/v2\/media?parent=42302"}],"wp:term":[{"taxonomy":"product_brand","embeddable":true,"href":"https:\/\/imprimeideas.es\/en\/wp-json\/wp\/v2\/product_brand?post=42302"},{"taxonomy":"product_cat","embeddable":true,"href":"https:\/\/imprimeideas.es\/en\/wp-json\/wp\/v2\/product_cat?post=42302"},{"taxonomy":"product_tag","embeddable":true,"href":"https:\/\/imprimeideas.es\/en\/wp-json\/wp\/v2\/product_tag?post=42302"}],"curies":[{"name":"wp","href":"https:\/\/api.w.org\/{rel}","templated":true}]}}