{"id":42284,"date":"2026-02-24T11:28:09","date_gmt":"2026-02-24T10:28:09","guid":{"rendered":"https:\/\/imprimeideas.es\/?post_type=product&p=42284"},"modified":"2026-02-25T20:13:08","modified_gmt":"2026-02-25T19:13:08","slug":"cascanueces-blanch","status":"publish","type":"product","link":"https:\/\/imprimeideas.es\/en\/product\/cascanueces-blanch\/","title":{"rendered":"Cascanueces Blanch"},"content":{"rendered":"<p>Cascanueces fabricado en madera natural. Con sencillo m\u00e9canismo de rosca manual que permite romper la c\u00e1scara de manera r\u00e1pida y f\u00e1cil, manteniendo el fruto intacto.Presentaci\u00f3n individual en caja de dise\u00f1o kraft.<\/p>","protected":false},"excerpt":{"rendered":"<p>Cascanueces fabricado en madera natural. Con sencillo m\u00e9canismo de rosca manual que permite romper la c\u00e1scara de manera r\u00e1pida y<\/p>","protected":false},"featured_media":69209,"comment_status":"open","ping_status":"open","template":"","meta":{"inline_featured_image":false},"product_brand":[],"product_cat":[122,104,106],"product_tag":[],"class_list":{"0":"post-42284","1":"product","2":"type-product","3":"status-publish","4":"has-post-thumbnail","6":"product_cat-articulos-sostenibles","7":"product_cat-hogar-y-decoracion","8":"product_cat-regalos-y-premiums","10":"first","11":"outofstock","12":"taxable","13":"shipping-taxable","14":"purchasable","15":"product-type-variable","16":"has-default-attributes"},"aioseo_notices":[],"_links":{"self":[{"href":"https:\/\/imprimeideas.es\/en\/wp-json\/wp\/v2\/product\/42284","targetHints":{"allow":["GET"]}}],"collection":[{"href":"https:\/\/imprimeideas.es\/en\/wp-json\/wp\/v2\/product"}],"about":[{"href":"https:\/\/imprimeideas.es\/en\/wp-json\/wp\/v2\/types\/product"}],"replies":[{"embeddable":true,"href":"https:\/\/imprimeideas.es\/en\/wp-json\/wp\/v2\/comments?post=42284"}],"version-history":[{"count":1,"href":"https:\/\/imprimeideas.es\/en\/wp-json\/wp\/v2\/product\/42284\/revisions"}],"predecessor-version":[{"id":54942,"href":"https:\/\/imprimeideas.es\/en\/wp-json\/wp\/v2\/product\/42284\/revisions\/54942"}],"wp:featuredmedia":[{"embeddable":true,"href":"https:\/\/imprimeideas.es\/en\/wp-json\/wp\/v2\/media\/69209"}],"wp:attachment":[{"href":"https:\/\/imprimeideas.es\/en\/wp-json\/wp\/v2\/media?parent=42284"}],"wp:term":[{"taxonomy":"product_brand","embeddable":true,"href":"https:\/\/imprimeideas.es\/en\/wp-json\/wp\/v2\/product_brand?post=42284"},{"taxonomy":"product_cat","embeddable":true,"href":"https:\/\/imprimeideas.es\/en\/wp-json\/wp\/v2\/product_cat?post=42284"},{"taxonomy":"product_tag","embeddable":true,"href":"https:\/\/imprimeideas.es\/en\/wp-json\/wp\/v2\/product_tag?post=42284"}],"curies":[{"name":"wp","href":"https:\/\/api.w.org\/{rel}","templated":true}]}}