{"id":42282,"date":"2026-02-24T11:28:09","date_gmt":"2026-02-24T10:28:09","guid":{"rendered":"https:\/\/imprimeideas.es\/?post_type=product&p=42282"},"modified":"2026-02-26T02:02:06","modified_gmt":"2026-02-26T01:02:06","slug":"cascanueces-batsly","status":"publish","type":"product","link":"https:\/\/imprimeideas.es\/en\/product\/cascanueces-batsly\/","title":{"rendered":"Cascanueces Batsly"},"content":{"rendered":"<p>Pr\u00e1ctico set cascanueces. Contenido: Bowl fabricado en bamb\u00fa natural, con 1,4 l de capacidad. Cascanueces de acero inoxidable, con dise\u00f1o ergon\u00f3mico que permite romper la c\u00e1scara de manera r\u00e1pida y sencilla, manteniendo el fruto intacto. Presentaci\u00f3n individual en caja de dise\u00f1o kraft.<\/p>","protected":false},"excerpt":{"rendered":"<p>Bowl Bamb\u00fa Incluido<\/p>","protected":false},"featured_media":73749,"comment_status":"open","ping_status":"open","template":"","meta":{"inline_featured_image":false},"product_brand":[],"product_cat":[122,104,106],"product_tag":[],"class_list":{"0":"post-42282","1":"product","2":"type-product","3":"status-publish","4":"has-post-thumbnail","6":"product_cat-articulos-sostenibles","7":"product_cat-hogar-y-decoracion","8":"product_cat-regalos-y-premiums","10":"first","11":"outofstock","12":"taxable","13":"shipping-taxable","14":"purchasable","15":"product-type-variable","16":"has-default-attributes"},"aioseo_notices":[],"_links":{"self":[{"href":"https:\/\/imprimeideas.es\/en\/wp-json\/wp\/v2\/product\/42282","targetHints":{"allow":["GET"]}}],"collection":[{"href":"https:\/\/imprimeideas.es\/en\/wp-json\/wp\/v2\/product"}],"about":[{"href":"https:\/\/imprimeideas.es\/en\/wp-json\/wp\/v2\/types\/product"}],"replies":[{"embeddable":true,"href":"https:\/\/imprimeideas.es\/en\/wp-json\/wp\/v2\/comments?post=42282"}],"version-history":[{"count":1,"href":"https:\/\/imprimeideas.es\/en\/wp-json\/wp\/v2\/product\/42282\/revisions"}],"predecessor-version":[{"id":54941,"href":"https:\/\/imprimeideas.es\/en\/wp-json\/wp\/v2\/product\/42282\/revisions\/54941"}],"wp:featuredmedia":[{"embeddable":true,"href":"https:\/\/imprimeideas.es\/en\/wp-json\/wp\/v2\/media\/73749"}],"wp:attachment":[{"href":"https:\/\/imprimeideas.es\/en\/wp-json\/wp\/v2\/media?parent=42282"}],"wp:term":[{"taxonomy":"product_brand","embeddable":true,"href":"https:\/\/imprimeideas.es\/en\/wp-json\/wp\/v2\/product_brand?post=42282"},{"taxonomy":"product_cat","embeddable":true,"href":"https:\/\/imprimeideas.es\/en\/wp-json\/wp\/v2\/product_cat?post=42282"},{"taxonomy":"product_tag","embeddable":true,"href":"https:\/\/imprimeideas.es\/en\/wp-json\/wp\/v2\/product_tag?post=42282"}],"curies":[{"name":"wp","href":"https:\/\/api.w.org\/{rel}","templated":true}]}}