{"id":42278,"date":"2026-02-24T11:28:09","date_gmt":"2026-02-24T10:28:09","guid":{"rendered":"https:\/\/imprimeideas.es\/?post_type=product&p=42278"},"modified":"2026-02-26T18:08:26","modified_gmt":"2026-02-26T17:08:26","slug":"set-vasos-katnis","status":"publish","type":"product","link":"https:\/\/imprimeideas.es\/en\/product\/set-vasos-katnis\/","title":{"rendered":"Set Vasos Katnis"},"content":{"rendered":"<p>Set de 2 vasos con original dise\u00f1o de copos de nieve y 500ml de capacidad. Fabricados en cristal, con \u00e1rea de marcaje especial en el frontal. Presentado en caja de dise\u00f1o en color negro con ilustraci\u00f3n en color dorado.<\/p>","protected":false},"excerpt":{"rendered":"<p>2 Piezas. 500 ml<\/p>","protected":false},"featured_media":64229,"comment_status":"open","ping_status":"open","template":"","meta":{"inline_featured_image":false},"product_brand":[],"product_cat":[127,97],"product_tag":[],"class_list":{"0":"post-42278","1":"product","2":"type-product","3":"status-publish","4":"has-post-thumbnail","6":"product_cat-navidad","7":"product_cat-tazas-jarras-y-termos","9":"first","10":"instock","11":"taxable","12":"shipping-taxable","13":"purchasable","14":"product-type-variable","15":"has-default-attributes"},"aioseo_notices":[],"_links":{"self":[{"href":"https:\/\/imprimeideas.es\/en\/wp-json\/wp\/v2\/product\/42278","targetHints":{"allow":["GET"]}}],"collection":[{"href":"https:\/\/imprimeideas.es\/en\/wp-json\/wp\/v2\/product"}],"about":[{"href":"https:\/\/imprimeideas.es\/en\/wp-json\/wp\/v2\/types\/product"}],"replies":[{"embeddable":true,"href":"https:\/\/imprimeideas.es\/en\/wp-json\/wp\/v2\/comments?post=42278"}],"version-history":[{"count":1,"href":"https:\/\/imprimeideas.es\/en\/wp-json\/wp\/v2\/product\/42278\/revisions"}],"predecessor-version":[{"id":54939,"href":"https:\/\/imprimeideas.es\/en\/wp-json\/wp\/v2\/product\/42278\/revisions\/54939"}],"wp:featuredmedia":[{"embeddable":true,"href":"https:\/\/imprimeideas.es\/en\/wp-json\/wp\/v2\/media\/64229"}],"wp:attachment":[{"href":"https:\/\/imprimeideas.es\/en\/wp-json\/wp\/v2\/media?parent=42278"}],"wp:term":[{"taxonomy":"product_brand","embeddable":true,"href":"https:\/\/imprimeideas.es\/en\/wp-json\/wp\/v2\/product_brand?post=42278"},{"taxonomy":"product_cat","embeddable":true,"href":"https:\/\/imprimeideas.es\/en\/wp-json\/wp\/v2\/product_cat?post=42278"},{"taxonomy":"product_tag","embeddable":true,"href":"https:\/\/imprimeideas.es\/en\/wp-json\/wp\/v2\/product_tag?post=42278"}],"curies":[{"name":"wp","href":"https:\/\/api.w.org\/{rel}","templated":true}]}}