{"id":42261,"date":"2026-02-24T11:28:07","date_gmt":"2026-02-24T10:28:07","guid":{"rendered":"https:\/\/imprimeideas.es\/?post_type=product&p=42261"},"modified":"2026-02-26T18:13:57","modified_gmt":"2026-02-26T17:13:57","slug":"adorno-semillas-boster","status":"publish","type":"product","link":"https:\/\/imprimeideas.es\/en\/product\/adorno-semillas-boster\/","title":{"rendered":"Adorno Semillas Boster"},"content":{"rendered":"<p>Sostenibles y originales adornos navide\u00f1os fabricados en papel semilla, reciclable y degradable. Incluye semillas de petunia de colores surtidos, convirti\u00e9ndolo en papel plantable despu\u00e9s de su vida \u00fatil. Con colgador de yute natural. Disponibles en 3 dise\u00f1os: Bola, Estrella y \u00c1rbol. Presentados en bolsa de papel reciclado.Con instrucciones de plantado en Espa\u00f1ol e Ingl\u00e9s.<\/p>","protected":false},"excerpt":{"rendered":"<p>Semillas de Petunia Incluidas. Flores Colores Surtidos<\/p>","protected":false},"featured_media":76636,"comment_status":"open","ping_status":"open","template":"","meta":{"inline_featured_image":false},"product_brand":[],"product_cat":[122,104,127],"product_tag":[],"class_list":{"0":"post-42261","1":"product","2":"type-product","3":"status-publish","4":"has-post-thumbnail","6":"product_cat-articulos-sostenibles","7":"product_cat-hogar-y-decoracion","8":"product_cat-navidad","10":"first","11":"instock","12":"taxable","13":"shipping-taxable","14":"purchasable","15":"product-type-variable","16":"has-default-attributes"},"aioseo_notices":[],"_links":{"self":[{"href":"https:\/\/imprimeideas.es\/en\/wp-json\/wp\/v2\/product\/42261","targetHints":{"allow":["GET"]}}],"collection":[{"href":"https:\/\/imprimeideas.es\/en\/wp-json\/wp\/v2\/product"}],"about":[{"href":"https:\/\/imprimeideas.es\/en\/wp-json\/wp\/v2\/types\/product"}],"replies":[{"embeddable":true,"href":"https:\/\/imprimeideas.es\/en\/wp-json\/wp\/v2\/comments?post=42261"}],"version-history":[{"count":1,"href":"https:\/\/imprimeideas.es\/en\/wp-json\/wp\/v2\/product\/42261\/revisions"}],"predecessor-version":[{"id":54933,"href":"https:\/\/imprimeideas.es\/en\/wp-json\/wp\/v2\/product\/42261\/revisions\/54933"}],"wp:featuredmedia":[{"embeddable":true,"href":"https:\/\/imprimeideas.es\/en\/wp-json\/wp\/v2\/media\/76636"}],"wp:attachment":[{"href":"https:\/\/imprimeideas.es\/en\/wp-json\/wp\/v2\/media?parent=42261"}],"wp:term":[{"taxonomy":"product_brand","embeddable":true,"href":"https:\/\/imprimeideas.es\/en\/wp-json\/wp\/v2\/product_brand?post=42261"},{"taxonomy":"product_cat","embeddable":true,"href":"https:\/\/imprimeideas.es\/en\/wp-json\/wp\/v2\/product_cat?post=42261"},{"taxonomy":"product_tag","embeddable":true,"href":"https:\/\/imprimeideas.es\/en\/wp-json\/wp\/v2\/product_tag?post=42261"}],"curies":[{"name":"wp","href":"https:\/\/api.w.org\/{rel}","templated":true}]}}