{"id":42257,"date":"2026-02-24T11:28:06","date_gmt":"2026-02-24T10:28:06","guid":{"rendered":"https:\/\/imprimeideas.es\/?post_type=product&p=42257"},"modified":"2026-02-26T18:13:51","modified_gmt":"2026-02-26T17:13:51","slug":"adorno-portafotos-jorik","status":"publish","type":"product","link":"https:\/\/imprimeideas.es\/en\/product\/adorno-portafotos-jorik\/","title":{"rendered":"Adorno Portafotos Jorik"},"content":{"rendered":"<p>Elegantes adornos navide\u00f1os con portafotos fabricados en suave madera. Incluye ventana para fotograf\u00edas en tama\u00f1o 4&#215;4 cm y accesorio para colgar en yute natural. Disponible en 3 originales dise\u00f1os: Copo de Nieve, \u00c1rbol de Navidad y Estrella. Presentado en bolsa individual reciclada.Elaborado con elementos vegetales para as\u00ed fomentar la utilizaci\u00f3n de materias primas naturales y reducir las emisiones contaminantes.<\/p>","protected":false},"excerpt":{"rendered":"<p>Fotos: 4 x 4 cm<\/p>","protected":false},"featured_media":63308,"comment_status":"open","ping_status":"open","template":"","meta":{"inline_featured_image":false},"product_brand":[],"product_cat":[122,104,127],"product_tag":[],"class_list":{"0":"post-42257","1":"product","2":"type-product","3":"status-publish","4":"has-post-thumbnail","6":"product_cat-articulos-sostenibles","7":"product_cat-hogar-y-decoracion","8":"product_cat-navidad","10":"first","11":"instock","12":"taxable","13":"shipping-taxable","14":"purchasable","15":"product-type-variable","16":"has-default-attributes"},"aioseo_notices":[],"_links":{"self":[{"href":"https:\/\/imprimeideas.es\/en\/wp-json\/wp\/v2\/product\/42257","targetHints":{"allow":["GET"]}}],"collection":[{"href":"https:\/\/imprimeideas.es\/en\/wp-json\/wp\/v2\/product"}],"about":[{"href":"https:\/\/imprimeideas.es\/en\/wp-json\/wp\/v2\/types\/product"}],"replies":[{"embeddable":true,"href":"https:\/\/imprimeideas.es\/en\/wp-json\/wp\/v2\/comments?post=42257"}],"version-history":[{"count":1,"href":"https:\/\/imprimeideas.es\/en\/wp-json\/wp\/v2\/product\/42257\/revisions"}],"predecessor-version":[{"id":54932,"href":"https:\/\/imprimeideas.es\/en\/wp-json\/wp\/v2\/product\/42257\/revisions\/54932"}],"wp:featuredmedia":[{"embeddable":true,"href":"https:\/\/imprimeideas.es\/en\/wp-json\/wp\/v2\/media\/63308"}],"wp:attachment":[{"href":"https:\/\/imprimeideas.es\/en\/wp-json\/wp\/v2\/media?parent=42257"}],"wp:term":[{"taxonomy":"product_brand","embeddable":true,"href":"https:\/\/imprimeideas.es\/en\/wp-json\/wp\/v2\/product_brand?post=42257"},{"taxonomy":"product_cat","embeddable":true,"href":"https:\/\/imprimeideas.es\/en\/wp-json\/wp\/v2\/product_cat?post=42257"},{"taxonomy":"product_tag","embeddable":true,"href":"https:\/\/imprimeideas.es\/en\/wp-json\/wp\/v2\/product_tag?post=42257"}],"curies":[{"name":"wp","href":"https:\/\/api.w.org\/{rel}","templated":true}]}}