{"id":42242,"date":"2026-02-24T11:28:04","date_gmt":"2026-02-24T10:28:04","guid":{"rendered":"https:\/\/imprimeideas.es\/?post_type=product&p=42242"},"modified":"2026-02-25T23:47:10","modified_gmt":"2026-02-25T22:47:10","slug":"set-reposteria-ibergrin","status":"publish","type":"product","link":"https:\/\/imprimeideas.es\/en\/product\/set-reposteria-ibergrin\/","title":{"rendered":"Set Reposter\u00eda Ibergrin"},"content":{"rendered":"<p>Set de reposter\u00eda con moldes navide\u00f1os en acero inoxidable y rodillo fabricado en resistente madera natural. Incluye rodillo amasador y 4 moldes en forma de \u00c1rbol de Navidad, Estrella, Mu\u00f1eco de Nieve y Hombre Jenjibre. Presentado en caja kraft.<\/p>","protected":false},"excerpt":{"rendered":"<p>5 Piezas<\/p>","protected":false},"featured_media":71507,"comment_status":"open","ping_status":"open","template":"","meta":{"inline_featured_image":false},"product_brand":[],"product_cat":[122,104,127],"product_tag":[],"class_list":{"0":"post-42242","1":"product","2":"type-product","3":"status-publish","4":"has-post-thumbnail","6":"product_cat-articulos-sostenibles","7":"product_cat-hogar-y-decoracion","8":"product_cat-navidad","10":"first","11":"outofstock","12":"taxable","13":"shipping-taxable","14":"purchasable","15":"product-type-variable","16":"has-default-attributes"},"aioseo_notices":[],"_links":{"self":[{"href":"https:\/\/imprimeideas.es\/en\/wp-json\/wp\/v2\/product\/42242","targetHints":{"allow":["GET"]}}],"collection":[{"href":"https:\/\/imprimeideas.es\/en\/wp-json\/wp\/v2\/product"}],"about":[{"href":"https:\/\/imprimeideas.es\/en\/wp-json\/wp\/v2\/types\/product"}],"replies":[{"embeddable":true,"href":"https:\/\/imprimeideas.es\/en\/wp-json\/wp\/v2\/comments?post=42242"}],"version-history":[{"count":1,"href":"https:\/\/imprimeideas.es\/en\/wp-json\/wp\/v2\/product\/42242\/revisions"}],"predecessor-version":[{"id":54926,"href":"https:\/\/imprimeideas.es\/en\/wp-json\/wp\/v2\/product\/42242\/revisions\/54926"}],"wp:featuredmedia":[{"embeddable":true,"href":"https:\/\/imprimeideas.es\/en\/wp-json\/wp\/v2\/media\/71507"}],"wp:attachment":[{"href":"https:\/\/imprimeideas.es\/en\/wp-json\/wp\/v2\/media?parent=42242"}],"wp:term":[{"taxonomy":"product_brand","embeddable":true,"href":"https:\/\/imprimeideas.es\/en\/wp-json\/wp\/v2\/product_brand?post=42242"},{"taxonomy":"product_cat","embeddable":true,"href":"https:\/\/imprimeideas.es\/en\/wp-json\/wp\/v2\/product_cat?post=42242"},{"taxonomy":"product_tag","embeddable":true,"href":"https:\/\/imprimeideas.es\/en\/wp-json\/wp\/v2\/product_tag?post=42242"}],"curies":[{"name":"wp","href":"https:\/\/api.w.org\/{rel}","templated":true}]}}