{"id":42238,"date":"2026-02-24T11:28:04","date_gmt":"2026-02-24T10:28:04","guid":{"rendered":"https:\/\/imprimeideas.es\/?post_type=product&p=42238"},"modified":"2026-02-26T18:19:23","modified_gmt":"2026-02-26T17:19:23","slug":"juego-habilidad-aleko","status":"publish","type":"product","link":"https:\/\/imprimeideas.es\/en\/product\/juego-habilidad-aleko\/","title":{"rendered":"Juego Habilidad Aleko"},"content":{"rendered":"<p>Original juego de habilidad que consiste en construir correctamente las figuras presentadas en las tarjetas visuales con las diferentes piezas del juego. Un divertido juego con el que fomentar la agilidad mental. Incluye 36 piezas de madera natural en diferentes tama\u00f1os para construir las figuras(8 largas y 28 cortas) y 4 divertidos dise\u00f1os de estrellas con tarjetas visuales en cart\u00f3n reciclado. Presentado en bolsa 100% algod\u00f3n.Elaborado con elementos vegetales para as\u00ed fomentar la utilizaci\u00f3n de materias primas naturales y reducir las emisiones contaminantes.<\/p>","protected":false},"excerpt":{"rendered":"<p>36 Piezas. Funda Algod\u00f3n<\/p>","protected":false},"featured_media":77203,"comment_status":"open","ping_status":"open","template":"","meta":{"inline_featured_image":false},"product_brand":[],"product_cat":[122,108,127],"product_tag":[],"class_list":{"0":"post-42238","1":"product","2":"type-product","3":"status-publish","4":"has-post-thumbnail","6":"product_cat-articulos-sostenibles","7":"product_cat-infantil","8":"product_cat-navidad","10":"first","11":"instock","12":"taxable","13":"shipping-taxable","14":"purchasable","15":"product-type-variable","16":"has-default-attributes"},"aioseo_notices":[],"_links":{"self":[{"href":"https:\/\/imprimeideas.es\/en\/wp-json\/wp\/v2\/product\/42238","targetHints":{"allow":["GET"]}}],"collection":[{"href":"https:\/\/imprimeideas.es\/en\/wp-json\/wp\/v2\/product"}],"about":[{"href":"https:\/\/imprimeideas.es\/en\/wp-json\/wp\/v2\/types\/product"}],"replies":[{"embeddable":true,"href":"https:\/\/imprimeideas.es\/en\/wp-json\/wp\/v2\/comments?post=42238"}],"version-history":[{"count":1,"href":"https:\/\/imprimeideas.es\/en\/wp-json\/wp\/v2\/product\/42238\/revisions"}],"predecessor-version":[{"id":54924,"href":"https:\/\/imprimeideas.es\/en\/wp-json\/wp\/v2\/product\/42238\/revisions\/54924"}],"wp:featuredmedia":[{"embeddable":true,"href":"https:\/\/imprimeideas.es\/en\/wp-json\/wp\/v2\/media\/77203"}],"wp:attachment":[{"href":"https:\/\/imprimeideas.es\/en\/wp-json\/wp\/v2\/media?parent=42238"}],"wp:term":[{"taxonomy":"product_brand","embeddable":true,"href":"https:\/\/imprimeideas.es\/en\/wp-json\/wp\/v2\/product_brand?post=42238"},{"taxonomy":"product_cat","embeddable":true,"href":"https:\/\/imprimeideas.es\/en\/wp-json\/wp\/v2\/product_cat?post=42238"},{"taxonomy":"product_tag","embeddable":true,"href":"https:\/\/imprimeideas.es\/en\/wp-json\/wp\/v2\/product_tag?post=42238"}],"curies":[{"name":"wp","href":"https:\/\/api.w.org\/{rel}","templated":true}]}}