{"id":42236,"date":"2026-02-24T11:28:04","date_gmt":"2026-02-24T10:28:04","guid":{"rendered":"https:\/\/imprimeideas.es\/?post_type=product&p=42236"},"modified":"2026-02-26T18:28:09","modified_gmt":"2026-02-26T17:28:09","slug":"set-posavasos-danop","status":"publish","type":"product","link":"https:\/\/imprimeideas.es\/en\/product\/set-posavasos-danop\/","title":{"rendered":"Set Posavasos Danop"},"content":{"rendered":"<p>Set de 4 posavasos con forma de estrella fabricados en corcho natural. Set presentado en caja de dise\u00f1o en cart\u00f3n kraft con dise\u00f1o de estrella troquelado.Elaborado con elementos vegetales para as\u00ed fomentar la utilizaci\u00f3n de materias primas naturales y reducir las emisiones contaminantes.<\/p>","protected":false},"excerpt":{"rendered":"<p>4 Piezas<\/p>","protected":false},"featured_media":77553,"comment_status":"open","ping_status":"open","template":"","meta":{"inline_featured_image":false},"product_brand":[],"product_cat":[122,104,127,105],"product_tag":[],"class_list":{"0":"post-42236","1":"product","2":"type-product","3":"status-publish","4":"has-post-thumbnail","6":"product_cat-articulos-sostenibles","7":"product_cat-hogar-y-decoracion","8":"product_cat-navidad","9":"product_cat-vino-accesorios-de-bebida-y-hosteleria","11":"first","12":"instock","13":"taxable","14":"shipping-taxable","15":"purchasable","16":"product-type-variable","17":"has-default-attributes"},"aioseo_notices":[],"_links":{"self":[{"href":"https:\/\/imprimeideas.es\/en\/wp-json\/wp\/v2\/product\/42236","targetHints":{"allow":["GET"]}}],"collection":[{"href":"https:\/\/imprimeideas.es\/en\/wp-json\/wp\/v2\/product"}],"about":[{"href":"https:\/\/imprimeideas.es\/en\/wp-json\/wp\/v2\/types\/product"}],"replies":[{"embeddable":true,"href":"https:\/\/imprimeideas.es\/en\/wp-json\/wp\/v2\/comments?post=42236"}],"version-history":[{"count":1,"href":"https:\/\/imprimeideas.es\/en\/wp-json\/wp\/v2\/product\/42236\/revisions"}],"predecessor-version":[{"id":54923,"href":"https:\/\/imprimeideas.es\/en\/wp-json\/wp\/v2\/product\/42236\/revisions\/54923"}],"wp:featuredmedia":[{"embeddable":true,"href":"https:\/\/imprimeideas.es\/en\/wp-json\/wp\/v2\/media\/77553"}],"wp:attachment":[{"href":"https:\/\/imprimeideas.es\/en\/wp-json\/wp\/v2\/media?parent=42236"}],"wp:term":[{"taxonomy":"product_brand","embeddable":true,"href":"https:\/\/imprimeideas.es\/en\/wp-json\/wp\/v2\/product_brand?post=42236"},{"taxonomy":"product_cat","embeddable":true,"href":"https:\/\/imprimeideas.es\/en\/wp-json\/wp\/v2\/product_cat?post=42236"},{"taxonomy":"product_tag","embeddable":true,"href":"https:\/\/imprimeideas.es\/en\/wp-json\/wp\/v2\/product_tag?post=42236"}],"curies":[{"name":"wp","href":"https:\/\/api.w.org\/{rel}","templated":true}]}}