{"id":42232,"date":"2026-02-24T11:28:03","date_gmt":"2026-02-24T10:28:03","guid":{"rendered":"https:\/\/imprimeideas.es\/?post_type=product&p=42232"},"modified":"2026-02-25T20:13:08","modified_gmt":"2026-02-25T19:13:08","slug":"adorno-allurex","status":"publish","type":"product","link":"https:\/\/imprimeideas.es\/en\/product\/adorno-allurex\/","title":{"rendered":"Adorno Allurex"},"content":{"rendered":"<p>Moderno y elegante \u00e1rbol de navidad fabricado en madera natural. Un original complemento decorativo que incluye adornos en materiales naturales, todos ellos iluminados por un trenzado de leds, ideal para crear un \u00e1mbiente acogedor. Con sencillo manual en Espa\u00f1ol e Ingles.Elaborado con elementos vegetales para as\u00ed fomentar la utilizaci\u00f3n de materias primas naturales y reducir las emisiones contaminantes.8 LEDs. Alimentaci\u00f3n a pilas (2xAAA no incluidas).<\/p>","protected":false},"excerpt":{"rendered":"<p>8 Ledes. 2 Pilas AAA No Incluidas<\/p>","protected":false},"featured_media":81798,"comment_status":"open","ping_status":"open","template":"","meta":{"inline_featured_image":false},"product_brand":[],"product_cat":[122,104,127],"product_tag":[],"class_list":{"0":"post-42232","1":"product","2":"type-product","3":"status-publish","4":"has-post-thumbnail","6":"product_cat-articulos-sostenibles","7":"product_cat-hogar-y-decoracion","8":"product_cat-navidad","10":"first","11":"outofstock","12":"taxable","13":"shipping-taxable","14":"purchasable","15":"product-type-variable","16":"has-default-attributes"},"aioseo_notices":[],"_links":{"self":[{"href":"https:\/\/imprimeideas.es\/en\/wp-json\/wp\/v2\/product\/42232","targetHints":{"allow":["GET"]}}],"collection":[{"href":"https:\/\/imprimeideas.es\/en\/wp-json\/wp\/v2\/product"}],"about":[{"href":"https:\/\/imprimeideas.es\/en\/wp-json\/wp\/v2\/types\/product"}],"replies":[{"embeddable":true,"href":"https:\/\/imprimeideas.es\/en\/wp-json\/wp\/v2\/comments?post=42232"}],"version-history":[{"count":1,"href":"https:\/\/imprimeideas.es\/en\/wp-json\/wp\/v2\/product\/42232\/revisions"}],"predecessor-version":[{"id":54921,"href":"https:\/\/imprimeideas.es\/en\/wp-json\/wp\/v2\/product\/42232\/revisions\/54921"}],"wp:featuredmedia":[{"embeddable":true,"href":"https:\/\/imprimeideas.es\/en\/wp-json\/wp\/v2\/media\/81798"}],"wp:attachment":[{"href":"https:\/\/imprimeideas.es\/en\/wp-json\/wp\/v2\/media?parent=42232"}],"wp:term":[{"taxonomy":"product_brand","embeddable":true,"href":"https:\/\/imprimeideas.es\/en\/wp-json\/wp\/v2\/product_brand?post=42232"},{"taxonomy":"product_cat","embeddable":true,"href":"https:\/\/imprimeideas.es\/en\/wp-json\/wp\/v2\/product_cat?post=42232"},{"taxonomy":"product_tag","embeddable":true,"href":"https:\/\/imprimeideas.es\/en\/wp-json\/wp\/v2\/product_tag?post=42232"}],"curies":[{"name":"wp","href":"https:\/\/api.w.org\/{rel}","templated":true}]}}