{"id":42230,"date":"2026-02-24T11:28:03","date_gmt":"2026-02-24T10:28:03","guid":{"rendered":"https:\/\/imprimeideas.es\/?post_type=product&p=42230"},"modified":"2026-02-26T18:13:41","modified_gmt":"2026-02-26T17:13:41","slug":"gorro-papa-noel-nino-flip","status":"publish","type":"product","link":"https:\/\/imprimeideas.es\/en\/product\/gorro-papa-noel-nino-flip\/","title":{"rendered":"Gorro Papa Noel Ni\u00f1o Flip"},"content":{"rendered":"<p>Gorro de Pap\u00e1 Noel para ni\u00f1os. Tira frontal y pom pom en color blanco.<\/p>","protected":false},"excerpt":{"rendered":"<p>Gorro de Pap\u00e1 Noel para ni\u00f1os. Tira frontal y pom pom en color blanco.<\/p>","protected":false},"featured_media":71257,"comment_status":"open","ping_status":"open","template":"","meta":{"inline_featured_image":false},"product_brand":[],"product_cat":[108,127],"product_tag":[],"class_list":{"0":"post-42230","1":"product","2":"type-product","3":"status-publish","4":"has-post-thumbnail","6":"product_cat-infantil","7":"product_cat-navidad","9":"first","10":"instock","11":"taxable","12":"shipping-taxable","13":"purchasable","14":"product-type-variable","15":"has-default-attributes"},"aioseo_notices":[],"_links":{"self":[{"href":"https:\/\/imprimeideas.es\/en\/wp-json\/wp\/v2\/product\/42230","targetHints":{"allow":["GET"]}}],"collection":[{"href":"https:\/\/imprimeideas.es\/en\/wp-json\/wp\/v2\/product"}],"about":[{"href":"https:\/\/imprimeideas.es\/en\/wp-json\/wp\/v2\/types\/product"}],"replies":[{"embeddable":true,"href":"https:\/\/imprimeideas.es\/en\/wp-json\/wp\/v2\/comments?post=42230"}],"version-history":[{"count":1,"href":"https:\/\/imprimeideas.es\/en\/wp-json\/wp\/v2\/product\/42230\/revisions"}],"predecessor-version":[{"id":54920,"href":"https:\/\/imprimeideas.es\/en\/wp-json\/wp\/v2\/product\/42230\/revisions\/54920"}],"wp:featuredmedia":[{"embeddable":true,"href":"https:\/\/imprimeideas.es\/en\/wp-json\/wp\/v2\/media\/71257"}],"wp:attachment":[{"href":"https:\/\/imprimeideas.es\/en\/wp-json\/wp\/v2\/media?parent=42230"}],"wp:term":[{"taxonomy":"product_brand","embeddable":true,"href":"https:\/\/imprimeideas.es\/en\/wp-json\/wp\/v2\/product_brand?post=42230"},{"taxonomy":"product_cat","embeddable":true,"href":"https:\/\/imprimeideas.es\/en\/wp-json\/wp\/v2\/product_cat?post=42230"},{"taxonomy":"product_tag","embeddable":true,"href":"https:\/\/imprimeideas.es\/en\/wp-json\/wp\/v2\/product_tag?post=42230"}],"curies":[{"name":"wp","href":"https:\/\/api.w.org\/{rel}","templated":true}]}}