{"id":42226,"date":"2026-02-24T11:28:02","date_gmt":"2026-02-24T10:28:02","guid":{"rendered":"https:\/\/imprimeideas.es\/?post_type=product&p=42226"},"modified":"2026-02-26T18:19:43","modified_gmt":"2026-02-26T17:19:43","slug":"agenda-torkix","status":"publish","type":"product","link":"https:\/\/imprimeideas.es\/en\/product\/agenda-torkix\/","title":{"rendered":"Agenda Torkix"},"content":{"rendered":"<p>Agenda de tama\u00f1o A5 fabricada en elegante y sostenible cuero reciclado. Con cubiertas r\u00edgidas y el\u00e1stico de cierre. Con distintivo cuero reciclado.Dise\u00f1o p\u00e1gina d\u00eda, zona de anotaciones por d\u00eda y p\u00e1ginas con esquina troquelada para marcar el d\u00eda. En 2 idiomas: castellano e ingl\u00e9s. Presentado en caja kraft. El cuero reciclado rescata las fibras desechadas en los procesos de fabricaci\u00f3n del cuero, minimizando el desperdicio de material, contribuyendo a reducir el impacto ambiental y manteniendo a la vez sus propiedades originales.<\/p>","protected":false},"excerpt":{"rendered":"<p>P\u00e1gina D\u00eda<\/p>","protected":false},"featured_media":84854,"comment_status":"open","ping_status":"open","template":"","meta":{"inline_featured_image":false},"product_brand":[],"product_cat":[122,96],"product_tag":[],"class_list":{"0":"post-42226","1":"product","2":"type-product","3":"status-publish","4":"has-post-thumbnail","6":"product_cat-articulos-sostenibles","7":"product_cat-oficina-y-negocios","9":"first","10":"outofstock","11":"taxable","12":"shipping-taxable","13":"purchasable","14":"product-type-variable","15":"has-default-attributes"},"aioseo_notices":[],"_links":{"self":[{"href":"https:\/\/imprimeideas.es\/en\/wp-json\/wp\/v2\/product\/42226","targetHints":{"allow":["GET"]}}],"collection":[{"href":"https:\/\/imprimeideas.es\/en\/wp-json\/wp\/v2\/product"}],"about":[{"href":"https:\/\/imprimeideas.es\/en\/wp-json\/wp\/v2\/types\/product"}],"replies":[{"embeddable":true,"href":"https:\/\/imprimeideas.es\/en\/wp-json\/wp\/v2\/comments?post=42226"}],"version-history":[{"count":1,"href":"https:\/\/imprimeideas.es\/en\/wp-json\/wp\/v2\/product\/42226\/revisions"}],"predecessor-version":[{"id":58803,"href":"https:\/\/imprimeideas.es\/en\/wp-json\/wp\/v2\/product\/42226\/revisions\/58803"}],"wp:featuredmedia":[{"embeddable":true,"href":"https:\/\/imprimeideas.es\/en\/wp-json\/wp\/v2\/media\/84854"}],"wp:attachment":[{"href":"https:\/\/imprimeideas.es\/en\/wp-json\/wp\/v2\/media?parent=42226"}],"wp:term":[{"taxonomy":"product_brand","embeddable":true,"href":"https:\/\/imprimeideas.es\/en\/wp-json\/wp\/v2\/product_brand?post=42226"},{"taxonomy":"product_cat","embeddable":true,"href":"https:\/\/imprimeideas.es\/en\/wp-json\/wp\/v2\/product_cat?post=42226"},{"taxonomy":"product_tag","embeddable":true,"href":"https:\/\/imprimeideas.es\/en\/wp-json\/wp\/v2\/product_tag?post=42226"}],"curies":[{"name":"wp","href":"https:\/\/api.w.org\/{rel}","templated":true}]}}