{"id":42224,"date":"2026-02-24T11:28:02","date_gmt":"2026-02-24T10:28:02","guid":{"rendered":"https:\/\/imprimeideas.es\/?post_type=product&p=42224"},"modified":"2026-02-26T18:19:34","modified_gmt":"2026-02-26T17:19:34","slug":"agenda-flinex","status":"publish","type":"product","link":"https:\/\/imprimeideas.es\/en\/product\/agenda-flinex\/","title":{"rendered":"Agenda Flinex"},"content":{"rendered":"<p>Agenda de tama\u00f1o A5 fabricada en corcho natural. Con cubiertas r\u00edgidas, cierre magn\u00e9tico fabricado en pu y soporte para bol\u00edgrafo a juego. Dise\u00f1o p\u00e1gina d\u00eda, zona de anotaciones por d\u00eda y marcap\u00e1ginas de tela. En 2 idiomas: castellano e ingl\u00e9s. Presentada en caja kraft. Elaborado con elementos vegetales para as\u00ed fomentar la utilizaci\u00f3n de materias primas naturales y reducir las emisiones contaminantes.<\/p>","protected":false},"excerpt":{"rendered":"<p>P\u00e1gina D\u00eda<\/p>","protected":false},"featured_media":72640,"comment_status":"open","ping_status":"open","template":"","meta":{"inline_featured_image":false},"product_brand":[],"product_cat":[122,100,96],"product_tag":[],"class_list":{"0":"post-42224","1":"product","2":"type-product","3":"status-publish","4":"has-post-thumbnail","6":"product_cat-articulos-sostenibles","7":"product_cat-escritura","8":"product_cat-oficina-y-negocios","10":"first","11":"outofstock","12":"taxable","13":"shipping-taxable","14":"purchasable","15":"product-type-variable","16":"has-default-attributes"},"aioseo_notices":[],"_links":{"self":[{"href":"https:\/\/imprimeideas.es\/en\/wp-json\/wp\/v2\/product\/42224","targetHints":{"allow":["GET"]}}],"collection":[{"href":"https:\/\/imprimeideas.es\/en\/wp-json\/wp\/v2\/product"}],"about":[{"href":"https:\/\/imprimeideas.es\/en\/wp-json\/wp\/v2\/types\/product"}],"replies":[{"embeddable":true,"href":"https:\/\/imprimeideas.es\/en\/wp-json\/wp\/v2\/comments?post=42224"}],"version-history":[{"count":1,"href":"https:\/\/imprimeideas.es\/en\/wp-json\/wp\/v2\/product\/42224\/revisions"}],"predecessor-version":[{"id":58802,"href":"https:\/\/imprimeideas.es\/en\/wp-json\/wp\/v2\/product\/42224\/revisions\/58802"}],"wp:featuredmedia":[{"embeddable":true,"href":"https:\/\/imprimeideas.es\/en\/wp-json\/wp\/v2\/media\/72640"}],"wp:attachment":[{"href":"https:\/\/imprimeideas.es\/en\/wp-json\/wp\/v2\/media?parent=42224"}],"wp:term":[{"taxonomy":"product_brand","embeddable":true,"href":"https:\/\/imprimeideas.es\/en\/wp-json\/wp\/v2\/product_brand?post=42224"},{"taxonomy":"product_cat","embeddable":true,"href":"https:\/\/imprimeideas.es\/en\/wp-json\/wp\/v2\/product_cat?post=42224"},{"taxonomy":"product_tag","embeddable":true,"href":"https:\/\/imprimeideas.es\/en\/wp-json\/wp\/v2\/product_tag?post=42224"}],"curies":[{"name":"wp","href":"https:\/\/api.w.org\/{rel}","templated":true}]}}