{"id":42216,"date":"2026-02-24T11:27:56","date_gmt":"2026-02-24T10:27:56","guid":{"rendered":"https:\/\/imprimeideas.es\/?post_type=product&p=42216"},"modified":"2026-02-26T18:13:34","modified_gmt":"2026-02-26T17:13:34","slug":"mochila-terrex","status":"publish","type":"product","link":"https:\/\/imprimeideas.es\/en\/product\/mochila-terrex\/","title":{"rendered":"Mochila Terrex"},"content":{"rendered":"<p>Mochila en resistente poli\u00e9ster 600D RPET, elaborado a partir de pl\u00e1stico reciclado para as\u00ed fomentar la reutilizaci\u00f3n de residuos pl\u00e1sticos y contribuir a la sostenibilidad del planeta. En elegante acabado bicolor, incluye etiqueta exterior con distintivo RPET. Bolsillo principal con compartimentos acolchados para ordenador port\u00e1til de hasta 15 pulgadas y tablet de hasta 10 pulgadas. Espalda y cintas acolchadas.<\/p>","protected":false},"excerpt":{"rendered":"<p>Acolchada. Bolsillo Acolchado para Port\u00e1til y Tablet<\/p>","protected":false},"featured_media":68961,"comment_status":"open","ping_status":"open","template":"","meta":{"inline_featured_image":false},"product_brand":[],"product_cat":[122,94,96],"product_tag":[],"class_list":{"0":"post-42216","1":"product","2":"type-product","3":"status-publish","4":"has-post-thumbnail","6":"product_cat-articulos-sostenibles","7":"product_cat-mochilas","8":"product_cat-oficina-y-negocios","10":"first","11":"instock","12":"taxable","13":"shipping-taxable","14":"purchasable","15":"product-type-variable","16":"has-default-attributes"},"aioseo_notices":[],"_links":{"self":[{"href":"https:\/\/imprimeideas.es\/en\/wp-json\/wp\/v2\/product\/42216","targetHints":{"allow":["GET"]}}],"collection":[{"href":"https:\/\/imprimeideas.es\/en\/wp-json\/wp\/v2\/product"}],"about":[{"href":"https:\/\/imprimeideas.es\/en\/wp-json\/wp\/v2\/types\/product"}],"replies":[{"embeddable":true,"href":"https:\/\/imprimeideas.es\/en\/wp-json\/wp\/v2\/comments?post=42216"}],"version-history":[{"count":1,"href":"https:\/\/imprimeideas.es\/en\/wp-json\/wp\/v2\/product\/42216\/revisions"}],"predecessor-version":[{"id":60502,"href":"https:\/\/imprimeideas.es\/en\/wp-json\/wp\/v2\/product\/42216\/revisions\/60502"}],"wp:featuredmedia":[{"embeddable":true,"href":"https:\/\/imprimeideas.es\/en\/wp-json\/wp\/v2\/media\/68961"}],"wp:attachment":[{"href":"https:\/\/imprimeideas.es\/en\/wp-json\/wp\/v2\/media?parent=42216"}],"wp:term":[{"taxonomy":"product_brand","embeddable":true,"href":"https:\/\/imprimeideas.es\/en\/wp-json\/wp\/v2\/product_brand?post=42216"},{"taxonomy":"product_cat","embeddable":true,"href":"https:\/\/imprimeideas.es\/en\/wp-json\/wp\/v2\/product_cat?post=42216"},{"taxonomy":"product_tag","embeddable":true,"href":"https:\/\/imprimeideas.es\/en\/wp-json\/wp\/v2\/product_tag?post=42216"}],"curies":[{"name":"wp","href":"https:\/\/api.w.org\/{rel}","templated":true}]}}