{"id":42172,"date":"2026-02-24T11:27:51","date_gmt":"2026-02-24T10:27:51","guid":{"rendered":"https:\/\/imprimeideas.es\/?post_type=product&p=42172"},"modified":"2026-02-26T18:42:30","modified_gmt":"2026-02-26T17:42:30","slug":"sudadera-adulto-truyi","status":"publish","type":"product","link":"https:\/\/imprimeideas.es\/en\/product\/sudadera-adulto-truyi\/","title":{"rendered":"Sudadera Adulto Truyi"},"content":{"rendered":"<p>Sudadera unisex bicolor con efecto lavado y tintado en prenda, lo que hace que cada pieza sea \u00fanica e irrepetible. Confeccionada en 100% algod\u00f3n peinado de 280g\/m2. Tacto suave y corte moderno. El\u00e1sticos de pu\u00f1os y bajo en ancho extra para un ajuste perfecto. Cuello redondo estrecho en canal\u00e9 2&#215;2. Dobles costuras para una mayor durabilidad y resistencia al uso intensivo. Etiqueta f\u00e1cilmente removible. Disponible en tallas XS, S, M, L, XL y XXL.<\/p>","protected":false},"excerpt":{"rendered":"<p>Sudadera unisex bicolor con efecto lavado y tintado en prenda, lo que hace que cada pieza sea \u00fanica e irrepetible.<\/p>","protected":false},"featured_media":71904,"comment_status":"open","ping_status":"open","template":"","meta":{"inline_featured_image":false},"product_brand":[],"product_cat":[116],"product_tag":[],"class_list":{"0":"post-42172","1":"product","2":"type-product","3":"status-publish","4":"has-post-thumbnail","6":"product_cat-textil","8":"first","9":"instock","10":"taxable","11":"shipping-taxable","12":"purchasable","13":"product-type-variable","14":"has-default-attributes"},"aioseo_notices":[],"_links":{"self":[{"href":"https:\/\/imprimeideas.es\/en\/wp-json\/wp\/v2\/product\/42172","targetHints":{"allow":["GET"]}}],"collection":[{"href":"https:\/\/imprimeideas.es\/en\/wp-json\/wp\/v2\/product"}],"about":[{"href":"https:\/\/imprimeideas.es\/en\/wp-json\/wp\/v2\/types\/product"}],"replies":[{"embeddable":true,"href":"https:\/\/imprimeideas.es\/en\/wp-json\/wp\/v2\/comments?post=42172"}],"version-history":[{"count":1,"href":"https:\/\/imprimeideas.es\/en\/wp-json\/wp\/v2\/product\/42172\/revisions"}],"predecessor-version":[{"id":60779,"href":"https:\/\/imprimeideas.es\/en\/wp-json\/wp\/v2\/product\/42172\/revisions\/60779"}],"wp:featuredmedia":[{"embeddable":true,"href":"https:\/\/imprimeideas.es\/en\/wp-json\/wp\/v2\/media\/71904"}],"wp:attachment":[{"href":"https:\/\/imprimeideas.es\/en\/wp-json\/wp\/v2\/media?parent=42172"}],"wp:term":[{"taxonomy":"product_brand","embeddable":true,"href":"https:\/\/imprimeideas.es\/en\/wp-json\/wp\/v2\/product_brand?post=42172"},{"taxonomy":"product_cat","embeddable":true,"href":"https:\/\/imprimeideas.es\/en\/wp-json\/wp\/v2\/product_cat?post=42172"},{"taxonomy":"product_tag","embeddable":true,"href":"https:\/\/imprimeideas.es\/en\/wp-json\/wp\/v2\/product_tag?post=42172"}],"curies":[{"name":"wp","href":"https:\/\/api.w.org\/{rel}","templated":true}]}}