{"id":42156,"date":"2026-02-24T11:27:49","date_gmt":"2026-02-24T10:27:49","guid":{"rendered":"https:\/\/imprimeideas.es\/?post_type=product&p=42156"},"modified":"2026-02-26T18:28:06","modified_gmt":"2026-02-26T17:28:06","slug":"sudadera-adulto-grea","status":"publish","type":"product","link":"https:\/\/imprimeideas.es\/en\/product\/sudadera-adulto-grea\/","title":{"rendered":"Sudadera Adulto Grea"},"content":{"rendered":"<p>Sudadera unisex con capucha y tejido con efecto lavado jeans lo que hace que cada pieza sea \u00fanica e irrepetible. Bolsillo canguro y el\u00e1sticos de ancho extra para un ajuste perfecto. Detalle en contraste en el\u00e1stico de pu\u00f1os y bajo. Confeccionado en 100% algod\u00f3n peinado con un gramaje de 280g\/m2. Tacto suave y corte moderno. Cordones ajustables planos y ojetes de confecci\u00f3n, evitando as\u00ed el uso de metal. Dobles costuras para una mayor durabilidad y resistencia al uso intensivo. Etiqueta f\u00e1cilmente removible. Disponible en tallas XS, S, M, L, XL y XXL.<\/p>","protected":false},"excerpt":{"rendered":"<p>Sudadera unisex con capucha y tejido con efecto lavado jeans lo que hace que cada pieza sea \u00fanica e irrepetible.<\/p>","protected":false},"featured_media":75970,"comment_status":"open","ping_status":"open","template":"","meta":{"inline_featured_image":false},"product_brand":[],"product_cat":[116],"product_tag":[],"class_list":{"0":"post-42156","1":"product","2":"type-product","3":"status-publish","4":"has-post-thumbnail","6":"product_cat-textil","8":"first","9":"instock","10":"taxable","11":"shipping-taxable","12":"purchasable","13":"product-type-variable","14":"has-default-attributes"},"aioseo_notices":[],"_links":{"self":[{"href":"https:\/\/imprimeideas.es\/en\/wp-json\/wp\/v2\/product\/42156","targetHints":{"allow":["GET"]}}],"collection":[{"href":"https:\/\/imprimeideas.es\/en\/wp-json\/wp\/v2\/product"}],"about":[{"href":"https:\/\/imprimeideas.es\/en\/wp-json\/wp\/v2\/types\/product"}],"replies":[{"embeddable":true,"href":"https:\/\/imprimeideas.es\/en\/wp-json\/wp\/v2\/comments?post=42156"}],"version-history":[{"count":1,"href":"https:\/\/imprimeideas.es\/en\/wp-json\/wp\/v2\/product\/42156\/revisions"}],"predecessor-version":[{"id":60777,"href":"https:\/\/imprimeideas.es\/en\/wp-json\/wp\/v2\/product\/42156\/revisions\/60777"}],"wp:featuredmedia":[{"embeddable":true,"href":"https:\/\/imprimeideas.es\/en\/wp-json\/wp\/v2\/media\/75970"}],"wp:attachment":[{"href":"https:\/\/imprimeideas.es\/en\/wp-json\/wp\/v2\/media?parent=42156"}],"wp:term":[{"taxonomy":"product_brand","embeddable":true,"href":"https:\/\/imprimeideas.es\/en\/wp-json\/wp\/v2\/product_brand?post=42156"},{"taxonomy":"product_cat","embeddable":true,"href":"https:\/\/imprimeideas.es\/en\/wp-json\/wp\/v2\/product_cat?post=42156"},{"taxonomy":"product_tag","embeddable":true,"href":"https:\/\/imprimeideas.es\/en\/wp-json\/wp\/v2\/product_tag?post=42156"}],"curies":[{"name":"wp","href":"https:\/\/api.w.org\/{rel}","templated":true}]}}