{"id":42085,"date":"2026-02-24T11:27:41","date_gmt":"2026-02-24T10:27:41","guid":{"rendered":"https:\/\/imprimeideas.es\/?post_type=product&p=42085"},"modified":"2026-02-26T18:19:07","modified_gmt":"2026-02-26T17:19:07","slug":"polo-adulto-ken","status":"publish","type":"product","link":"https:\/\/imprimeideas.es\/en\/product\/polo-adulto-ken\/","title":{"rendered":"Polo Adulto Ken"},"content":{"rendered":"<p>Polo manga corta unisex con efecto lavado jeans lo que hace que cada pieza sea \u00fanica e irrepetible. Detalle en contraste en el\u00e1stico de cuello y mangas. Confeccionado en piqu\u00e9 100% algod\u00f3n peinado Ring Spun de 180g\/m2. Tacto suave y corte moderno. Tapeta de dos botones al tono. Doble costura en dobladillo y mangas para una mayor durabilidad y resistencia al uso intensivo. Etiqueta f\u00e1cilmente removible. Disponible en tallas XS, S, M, L, XL y XXL.<\/p>","protected":false},"excerpt":{"rendered":"<p>Polo manga corta unisex con efecto lavado jeans lo que hace que cada pieza sea \u00fanica e irrepetible. Detalle en<\/p>","protected":false},"featured_media":63941,"comment_status":"open","ping_status":"open","template":"","meta":{"inline_featured_image":false},"product_brand":[],"product_cat":[116],"product_tag":[],"class_list":{"0":"post-42085","1":"product","2":"type-product","3":"status-publish","4":"has-post-thumbnail","6":"product_cat-textil","8":"first","9":"instock","10":"taxable","11":"shipping-taxable","12":"purchasable","13":"product-type-variable","14":"has-default-attributes"},"aioseo_notices":[],"_links":{"self":[{"href":"https:\/\/imprimeideas.es\/en\/wp-json\/wp\/v2\/product\/42085","targetHints":{"allow":["GET"]}}],"collection":[{"href":"https:\/\/imprimeideas.es\/en\/wp-json\/wp\/v2\/product"}],"about":[{"href":"https:\/\/imprimeideas.es\/en\/wp-json\/wp\/v2\/types\/product"}],"replies":[{"embeddable":true,"href":"https:\/\/imprimeideas.es\/en\/wp-json\/wp\/v2\/comments?post=42085"}],"version-history":[{"count":1,"href":"https:\/\/imprimeideas.es\/en\/wp-json\/wp\/v2\/product\/42085\/revisions"}],"predecessor-version":[{"id":60774,"href":"https:\/\/imprimeideas.es\/en\/wp-json\/wp\/v2\/product\/42085\/revisions\/60774"}],"wp:featuredmedia":[{"embeddable":true,"href":"https:\/\/imprimeideas.es\/en\/wp-json\/wp\/v2\/media\/63941"}],"wp:attachment":[{"href":"https:\/\/imprimeideas.es\/en\/wp-json\/wp\/v2\/media?parent=42085"}],"wp:term":[{"taxonomy":"product_brand","embeddable":true,"href":"https:\/\/imprimeideas.es\/en\/wp-json\/wp\/v2\/product_brand?post=42085"},{"taxonomy":"product_cat","embeddable":true,"href":"https:\/\/imprimeideas.es\/en\/wp-json\/wp\/v2\/product_cat?post=42085"},{"taxonomy":"product_tag","embeddable":true,"href":"https:\/\/imprimeideas.es\/en\/wp-json\/wp\/v2\/product_tag?post=42085"}],"curies":[{"name":"wp","href":"https:\/\/api.w.org\/{rel}","templated":true}]}}