{"id":42060,"date":"2026-02-24T11:27:38","date_gmt":"2026-02-24T10:27:38","guid":{"rendered":"https:\/\/imprimeideas.es\/?post_type=product&p=42060"},"modified":"2026-02-26T18:13:54","modified_gmt":"2026-02-26T17:13:54","slug":"polo-adulto-troky","status":"publish","type":"product","link":"https:\/\/imprimeideas.es\/en\/product\/polo-adulto-troky\/","title":{"rendered":"Polo Adulto Troky"},"content":{"rendered":"<p>Polo t\u00e9cnico manga corta unisex. Confeccionado en tejido de poli\u00e9ster 100% reciclado y color con efecto melange. Su gramaje de 150g\/m2 hacen que sea una prenda ligera ideal para la pr\u00e1ctica de deporte y el d\u00eda a dia. Tacto muy suave y corte moderno. Tapeta de dos botones al tono. Tejido transpirable de f\u00e1cil lavado y r\u00e1pido secado. Doble costura en dobladillo y mangas para una mayor durabilidad y resistencia al uso intensivo. Etiqueta f\u00e1cilmente removible. Con etiqueta exterior RPET, indicativa de producto de origen reciclado. Disponible en tallas XS, S, M, L, XL y XXL.<\/p>","protected":false},"excerpt":{"rendered":"<p>Transpirable<\/p>","protected":false},"featured_media":81909,"comment_status":"open","ping_status":"open","template":"","meta":{"inline_featured_image":false},"product_brand":[],"product_cat":[122,116],"product_tag":[],"class_list":{"0":"post-42060","1":"product","2":"type-product","3":"status-publish","4":"has-post-thumbnail","6":"product_cat-articulos-sostenibles","7":"product_cat-textil","9":"first","10":"instock","11":"taxable","12":"shipping-taxable","13":"purchasable","14":"product-type-variable","15":"has-default-attributes"},"aioseo_notices":[],"_links":{"self":[{"href":"https:\/\/imprimeideas.es\/en\/wp-json\/wp\/v2\/product\/42060","targetHints":{"allow":["GET"]}}],"collection":[{"href":"https:\/\/imprimeideas.es\/en\/wp-json\/wp\/v2\/product"}],"about":[{"href":"https:\/\/imprimeideas.es\/en\/wp-json\/wp\/v2\/types\/product"}],"replies":[{"embeddable":true,"href":"https:\/\/imprimeideas.es\/en\/wp-json\/wp\/v2\/comments?post=42060"}],"version-history":[{"count":1,"href":"https:\/\/imprimeideas.es\/en\/wp-json\/wp\/v2\/product\/42060\/revisions"}],"predecessor-version":[{"id":60773,"href":"https:\/\/imprimeideas.es\/en\/wp-json\/wp\/v2\/product\/42060\/revisions\/60773"}],"wp:featuredmedia":[{"embeddable":true,"href":"https:\/\/imprimeideas.es\/en\/wp-json\/wp\/v2\/media\/81909"}],"wp:attachment":[{"href":"https:\/\/imprimeideas.es\/en\/wp-json\/wp\/v2\/media?parent=42060"}],"wp:term":[{"taxonomy":"product_brand","embeddable":true,"href":"https:\/\/imprimeideas.es\/en\/wp-json\/wp\/v2\/product_brand?post=42060"},{"taxonomy":"product_cat","embeddable":true,"href":"https:\/\/imprimeideas.es\/en\/wp-json\/wp\/v2\/product_cat?post=42060"},{"taxonomy":"product_tag","embeddable":true,"href":"https:\/\/imprimeideas.es\/en\/wp-json\/wp\/v2\/product_tag?post=42060"}],"curies":[{"name":"wp","href":"https:\/\/api.w.org\/{rel}","templated":true}]}}