{"id":41912,"date":"2026-02-24T11:27:22","date_gmt":"2026-02-24T10:27:22","guid":{"rendered":"https:\/\/imprimeideas.es\/?post_type=product&p=41912"},"modified":"2026-02-26T18:28:09","modified_gmt":"2026-02-26T17:28:09","slug":"pluma-im-achromatic","status":"publish","type":"product","link":"https:\/\/imprimeideas.es\/en\/product\/pluma-im-achromatic\/","title":{"rendered":"Pluma IM Achromatic"},"content":{"rendered":"<p>Pluma estilogr\u00e1fica Parker IM Achromatic, fabricado en acero inox de acabado lacado en negro mate y en tinta azul. Con adornos negros e inconfundible clip con la forma ic\u00f3nica en punta de flecha de la marca en la capucha. Un dise\u00f1o elegante, refinado y de eficacia probada, complementado con una silueta moderna. Presentaci\u00f3n en estuche individual negro con logotipo Parker. Parker IM es la gama de entrada al universo Parker, cuidada en cada detalle y pensada para el uso intensivo diario. Con tinta Parker Quink, que ofrece una escritura fluida y fiable sobre el papel.<\/p>","protected":false},"excerpt":{"rendered":"<p>Carga Jumbo<\/p>","protected":false},"featured_media":76170,"comment_status":"open","ping_status":"open","template":"","meta":{"inline_featured_image":false},"product_brand":[2112],"product_cat":[121],"product_tag":[],"class_list":{"0":"post-41912","1":"product","2":"type-product","3":"status-publish","4":"has-post-thumbnail","6":"product_brand-parker","7":"product_cat-marcas","9":"first","10":"outofstock","11":"taxable","12":"shipping-taxable","13":"purchasable","14":"product-type-variable","15":"has-default-attributes"},"aioseo_notices":[],"_links":{"self":[{"href":"https:\/\/imprimeideas.es\/en\/wp-json\/wp\/v2\/product\/41912","targetHints":{"allow":["GET"]}}],"collection":[{"href":"https:\/\/imprimeideas.es\/en\/wp-json\/wp\/v2\/product"}],"about":[{"href":"https:\/\/imprimeideas.es\/en\/wp-json\/wp\/v2\/types\/product"}],"replies":[{"embeddable":true,"href":"https:\/\/imprimeideas.es\/en\/wp-json\/wp\/v2\/comments?post=41912"}],"version-history":[{"count":1,"href":"https:\/\/imprimeideas.es\/en\/wp-json\/wp\/v2\/product\/41912\/revisions"}],"predecessor-version":[{"id":60759,"href":"https:\/\/imprimeideas.es\/en\/wp-json\/wp\/v2\/product\/41912\/revisions\/60759"}],"wp:featuredmedia":[{"embeddable":true,"href":"https:\/\/imprimeideas.es\/en\/wp-json\/wp\/v2\/media\/76170"}],"wp:attachment":[{"href":"https:\/\/imprimeideas.es\/en\/wp-json\/wp\/v2\/media?parent=41912"}],"wp:term":[{"taxonomy":"product_brand","embeddable":true,"href":"https:\/\/imprimeideas.es\/en\/wp-json\/wp\/v2\/product_brand?post=41912"},{"taxonomy":"product_cat","embeddable":true,"href":"https:\/\/imprimeideas.es\/en\/wp-json\/wp\/v2\/product_cat?post=41912"},{"taxonomy":"product_tag","embeddable":true,"href":"https:\/\/imprimeideas.es\/en\/wp-json\/wp\/v2\/product_tag?post=41912"}],"curies":[{"name":"wp","href":"https:\/\/api.w.org\/{rel}","templated":true}]}}