{"id":41906,"date":"2026-02-24T11:27:22","date_gmt":"2026-02-24T10:27:22","guid":{"rendered":"https:\/\/imprimeideas.es\/?post_type=product&p=41906"},"modified":"2026-02-26T18:13:54","modified_gmt":"2026-02-26T17:13:54","slug":"roller-im-essential","status":"publish","type":"product","link":"https:\/\/imprimeideas.es\/en\/product\/roller-im-essential\/","title":{"rendered":"Roller IM Essential"},"content":{"rendered":"<p>Roller Parker IM Essential, Con cuerpo y capuch\u00f3n met\u00e1licos lacados en color negro mate y adornos cromados. Inconfundible clip con la forma ic\u00f3nica en punta de flecha de la marca en la capucha. En tinta negra y presentado en estuche individual negro con logotipo Parker. Parker IM es la gama de entrada al universo Parker, cuidada en cada detalle y pensada para el uso intensivo diario. Con tinta Parker Quink, que ofrece una escritura fluida y fiable sobre el papel.<\/p>","protected":false},"excerpt":{"rendered":"<p>Carga Jumbo. Tinta Negra<\/p>","protected":false},"featured_media":81523,"comment_status":"open","ping_status":"open","template":"","meta":{"inline_featured_image":false},"product_brand":[2112],"product_cat":[121],"product_tag":[],"class_list":{"0":"post-41906","1":"product","2":"type-product","3":"status-publish","4":"has-post-thumbnail","6":"product_brand-parker","7":"product_cat-marcas","9":"first","10":"instock","11":"taxable","12":"shipping-taxable","13":"purchasable","14":"product-type-variable","15":"has-default-attributes"},"aioseo_notices":[],"_links":{"self":[{"href":"https:\/\/imprimeideas.es\/en\/wp-json\/wp\/v2\/product\/41906","targetHints":{"allow":["GET"]}}],"collection":[{"href":"https:\/\/imprimeideas.es\/en\/wp-json\/wp\/v2\/product"}],"about":[{"href":"https:\/\/imprimeideas.es\/en\/wp-json\/wp\/v2\/types\/product"}],"replies":[{"embeddable":true,"href":"https:\/\/imprimeideas.es\/en\/wp-json\/wp\/v2\/comments?post=41906"}],"version-history":[{"count":1,"href":"https:\/\/imprimeideas.es\/en\/wp-json\/wp\/v2\/product\/41906\/revisions"}],"predecessor-version":[{"id":60756,"href":"https:\/\/imprimeideas.es\/en\/wp-json\/wp\/v2\/product\/41906\/revisions\/60756"}],"wp:featuredmedia":[{"embeddable":true,"href":"https:\/\/imprimeideas.es\/en\/wp-json\/wp\/v2\/media\/81523"}],"wp:attachment":[{"href":"https:\/\/imprimeideas.es\/en\/wp-json\/wp\/v2\/media?parent=41906"}],"wp:term":[{"taxonomy":"product_brand","embeddable":true,"href":"https:\/\/imprimeideas.es\/en\/wp-json\/wp\/v2\/product_brand?post=41906"},{"taxonomy":"product_cat","embeddable":true,"href":"https:\/\/imprimeideas.es\/en\/wp-json\/wp\/v2\/product_cat?post=41906"},{"taxonomy":"product_tag","embeddable":true,"href":"https:\/\/imprimeideas.es\/en\/wp-json\/wp\/v2\/product_tag?post=41906"}],"curies":[{"name":"wp","href":"https:\/\/api.w.org\/{rel}","templated":true}]}}