{"id":41903,"date":"2026-02-24T11:27:22","date_gmt":"2026-02-24T10:27:22","guid":{"rendered":"https:\/\/imprimeideas.es\/?post_type=product&p=41903"},"modified":"2026-02-26T18:37:39","modified_gmt":"2026-02-26T17:37:39","slug":"roller-vector-xl","status":"publish","type":"product","link":"https:\/\/imprimeideas.es\/en\/product\/roller-vector-xl\/","title":{"rendered":"Roller Vector XL"},"content":{"rendered":"<p>Roller Parker Vector XL, fabricado en acero inox pulido, resaltado con un adorno cromado y el inconfundible clip con la forma ic\u00f3nica en punta de flecha de la marca en la capucha. En tinta negra y presentado en estuche individual negro con logotipo Parker. Escritura limpia y homog\u00e9nea, sin saltos, y de gran gran fluidez e intensidad. Su pr\u00e1ctica forma cil\u00edndrica y su resistente plum\u00edn fino de acero inoxidable permiten escribir con gran comodidad y precisi\u00f3n, convirtiendo al Vector XL en un instrumento de escritura tan accesible como vers\u00e1til.<\/p>","protected":false},"excerpt":{"rendered":"<p>Carga Jumbo. Tinta Negra<\/p>","protected":false},"featured_media":84058,"comment_status":"open","ping_status":"open","template":"","meta":{"inline_featured_image":false},"product_brand":[2112],"product_cat":[121],"product_tag":[],"class_list":{"0":"post-41903","1":"product","2":"type-product","3":"status-publish","4":"has-post-thumbnail","6":"product_brand-parker","7":"product_cat-marcas","9":"first","10":"instock","11":"taxable","12":"shipping-taxable","13":"purchasable","14":"product-type-variable","15":"has-default-attributes"},"aioseo_notices":[],"_links":{"self":[{"href":"https:\/\/imprimeideas.es\/en\/wp-json\/wp\/v2\/product\/41903","targetHints":{"allow":["GET"]}}],"collection":[{"href":"https:\/\/imprimeideas.es\/en\/wp-json\/wp\/v2\/product"}],"about":[{"href":"https:\/\/imprimeideas.es\/en\/wp-json\/wp\/v2\/types\/product"}],"replies":[{"embeddable":true,"href":"https:\/\/imprimeideas.es\/en\/wp-json\/wp\/v2\/comments?post=41903"}],"version-history":[{"count":1,"href":"https:\/\/imprimeideas.es\/en\/wp-json\/wp\/v2\/product\/41903\/revisions"}],"predecessor-version":[{"id":60755,"href":"https:\/\/imprimeideas.es\/en\/wp-json\/wp\/v2\/product\/41903\/revisions\/60755"}],"wp:featuredmedia":[{"embeddable":true,"href":"https:\/\/imprimeideas.es\/en\/wp-json\/wp\/v2\/media\/84058"}],"wp:attachment":[{"href":"https:\/\/imprimeideas.es\/en\/wp-json\/wp\/v2\/media?parent=41903"}],"wp:term":[{"taxonomy":"product_brand","embeddable":true,"href":"https:\/\/imprimeideas.es\/en\/wp-json\/wp\/v2\/product_brand?post=41903"},{"taxonomy":"product_cat","embeddable":true,"href":"https:\/\/imprimeideas.es\/en\/wp-json\/wp\/v2\/product_cat?post=41903"},{"taxonomy":"product_tag","embeddable":true,"href":"https:\/\/imprimeideas.es\/en\/wp-json\/wp\/v2\/product_tag?post=41903"}],"curies":[{"name":"wp","href":"https:\/\/api.w.org\/{rel}","templated":true}]}}