{"id":41901,"date":"2026-02-24T11:27:21","date_gmt":"2026-02-24T10:27:21","guid":{"rendered":"https:\/\/imprimeideas.es\/?post_type=product&p=41901"},"modified":"2026-02-26T18:23:13","modified_gmt":"2026-02-26T17:23:13","slug":"portaminas-jotter-core","status":"publish","type":"product","link":"https:\/\/imprimeideas.es\/en\/product\/portaminas-jotter-core\/","title":{"rendered":"Portaminas Jotter Core"},"content":{"rendered":"<p>Portaminas Parker Jotter Core, un cl\u00e1sico fabricado en acero inox, con adornos brillantes y el clip con la forma ic\u00f3nica en punta de flecha de la marca. De mecanismo pulsador, con minas de 0,5mm y goma de borrar. Presentaci\u00f3n en estuche individual negro con logotipo Parker. Con la fluidez, precisi\u00f3n e intensidad homog\u00e9neas propias de PARKER Jotter, un referente en cuanto a estilo desde hace m\u00e1s de 60 a\u00f1os. Con un dise\u00f1o novedoso y simplificado, reflejando su legado en cada detalle.<\/p>","protected":false},"excerpt":{"rendered":"<p>Minas 0,5 mm Incluidas<\/p>","protected":false},"featured_media":70378,"comment_status":"open","ping_status":"open","template":"","meta":{"inline_featured_image":false},"product_brand":[2112],"product_cat":[121],"product_tag":[],"class_list":{"0":"post-41901","1":"product","2":"type-product","3":"status-publish","4":"has-post-thumbnail","6":"product_brand-parker","7":"product_cat-marcas","9":"first","10":"instock","11":"taxable","12":"shipping-taxable","13":"purchasable","14":"product-type-variable","15":"has-default-attributes"},"aioseo_notices":[],"_links":{"self":[{"href":"https:\/\/imprimeideas.es\/en\/wp-json\/wp\/v2\/product\/41901","targetHints":{"allow":["GET"]}}],"collection":[{"href":"https:\/\/imprimeideas.es\/en\/wp-json\/wp\/v2\/product"}],"about":[{"href":"https:\/\/imprimeideas.es\/en\/wp-json\/wp\/v2\/types\/product"}],"replies":[{"embeddable":true,"href":"https:\/\/imprimeideas.es\/en\/wp-json\/wp\/v2\/comments?post=41901"}],"version-history":[{"count":1,"href":"https:\/\/imprimeideas.es\/en\/wp-json\/wp\/v2\/product\/41901\/revisions"}],"predecessor-version":[{"id":60754,"href":"https:\/\/imprimeideas.es\/en\/wp-json\/wp\/v2\/product\/41901\/revisions\/60754"}],"wp:featuredmedia":[{"embeddable":true,"href":"https:\/\/imprimeideas.es\/en\/wp-json\/wp\/v2\/media\/70378"}],"wp:attachment":[{"href":"https:\/\/imprimeideas.es\/en\/wp-json\/wp\/v2\/media?parent=41901"}],"wp:term":[{"taxonomy":"product_brand","embeddable":true,"href":"https:\/\/imprimeideas.es\/en\/wp-json\/wp\/v2\/product_brand?post=41901"},{"taxonomy":"product_cat","embeddable":true,"href":"https:\/\/imprimeideas.es\/en\/wp-json\/wp\/v2\/product_cat?post=41901"},{"taxonomy":"product_tag","embeddable":true,"href":"https:\/\/imprimeideas.es\/en\/wp-json\/wp\/v2\/product_tag?post=41901"}],"curies":[{"name":"wp","href":"https:\/\/api.w.org\/{rel}","templated":true}]}}