{"id":41899,"date":"2026-02-24T11:27:21","date_gmt":"2026-02-24T10:27:21","guid":{"rendered":"https:\/\/imprimeideas.es\/?post_type=product&p=41899"},"modified":"2026-02-26T18:19:34","modified_gmt":"2026-02-26T17:19:34","slug":"boligrafo-jotter-core","status":"publish","type":"product","link":"https:\/\/imprimeideas.es\/en\/product\/boligrafo-jotter-core\/","title":{"rendered":"Bol\u00edgrafo Jotter Core"},"content":{"rendered":"<p>Bol\u00edgrafo Parker Jotter Core, un cl\u00e1sico entre los bol\u00edgrafos con tinta de gel. Fabricado en acero inox, con adornos cromados y el clip con la forma ic\u00f3nica en punta de flecha de la marca. Con mecanismo pulsador, cl\u00e1sico cartucho interior Parker y en tinta azul. Presentaci\u00f3n en estuche individual negro con logotipo Parker. Con la fluidez, precisi\u00f3n e intensidad homog\u00e9neas propias de PARKER Jotter, un referente en cuanto a estilo desde hace m\u00e1s de 60 a\u00f1os. Con un dise\u00f1o novedoso y simplificado y con una tinta de gel intensa y homog\u00e9nea que traza con fluidez l\u00edneas que se secan con rapidez para evitar borrones, reflejando su legado en cada detalle.<\/p>","protected":false},"excerpt":{"rendered":"<p>Carga Jumbo<\/p>","protected":false},"featured_media":81832,"comment_status":"open","ping_status":"open","template":"","meta":{"inline_featured_image":false},"product_brand":[2112],"product_cat":[121],"product_tag":[],"class_list":{"0":"post-41899","1":"product","2":"type-product","3":"status-publish","4":"has-post-thumbnail","6":"product_brand-parker","7":"product_cat-marcas","9":"first","10":"instock","11":"taxable","12":"shipping-taxable","13":"purchasable","14":"product-type-variable","15":"has-default-attributes"},"aioseo_notices":[],"_links":{"self":[{"href":"https:\/\/imprimeideas.es\/en\/wp-json\/wp\/v2\/product\/41899","targetHints":{"allow":["GET"]}}],"collection":[{"href":"https:\/\/imprimeideas.es\/en\/wp-json\/wp\/v2\/product"}],"about":[{"href":"https:\/\/imprimeideas.es\/en\/wp-json\/wp\/v2\/types\/product"}],"replies":[{"embeddable":true,"href":"https:\/\/imprimeideas.es\/en\/wp-json\/wp\/v2\/comments?post=41899"}],"version-history":[{"count":1,"href":"https:\/\/imprimeideas.es\/en\/wp-json\/wp\/v2\/product\/41899\/revisions"}],"predecessor-version":[{"id":60753,"href":"https:\/\/imprimeideas.es\/en\/wp-json\/wp\/v2\/product\/41899\/revisions\/60753"}],"wp:featuredmedia":[{"embeddable":true,"href":"https:\/\/imprimeideas.es\/en\/wp-json\/wp\/v2\/media\/81832"}],"wp:attachment":[{"href":"https:\/\/imprimeideas.es\/en\/wp-json\/wp\/v2\/media?parent=41899"}],"wp:term":[{"taxonomy":"product_brand","embeddable":true,"href":"https:\/\/imprimeideas.es\/en\/wp-json\/wp\/v2\/product_brand?post=41899"},{"taxonomy":"product_cat","embeddable":true,"href":"https:\/\/imprimeideas.es\/en\/wp-json\/wp\/v2\/product_cat?post=41899"},{"taxonomy":"product_tag","embeddable":true,"href":"https:\/\/imprimeideas.es\/en\/wp-json\/wp\/v2\/product_tag?post=41899"}],"curies":[{"name":"wp","href":"https:\/\/api.w.org\/{rel}","templated":true}]}}