{"id":41894,"date":"2026-02-24T11:27:21","date_gmt":"2026-02-24T10:27:21","guid":{"rendered":"https:\/\/imprimeideas.es\/?post_type=product&p=41894"},"modified":"2026-02-26T18:08:26","modified_gmt":"2026-02-26T17:08:26","slug":"boligrafo-jotter-original","status":"publish","type":"product","link":"https:\/\/imprimeideas.es\/en\/product\/boligrafo-jotter-original\/","title":{"rendered":"Bol\u00edgrafo Jotter Original"},"content":{"rendered":"<p>Bol\u00edgrafo Parker Jotter Original, de acabado retro y fabricado en combinaci\u00f3n de acero inox y resistente ABS. Con mecanismo pulsador, cl\u00e1sico cartucho interior Parker y en tinta negra. Con un estilo sencillo y de l\u00edneas limpias, todo un cl\u00e1sico de Parker. Presentaci\u00f3n en estuche individual negro con logotipo Parker. Jotter Originals es una colecci\u00f3n retro inspirada en el esp\u00edritu de los 90. La gama de bol\u00edgrafos Parker combina la inconfundible silueta de Jotter y el clic caracter\u00edstico que rinde tributo a esta d\u00e9cada ic\u00f3nica. Un nuevo miembro de la familia Jotter, perfecto para usarlo en cualquier momento Parker Jotter Originals garantiza una escritura fluida en cada trazo del bol\u00edgrafo.<\/p>","protected":false},"excerpt":{"rendered":"<p>Carga Jumbo. Tinta Negra<\/p>","protected":false},"featured_media":66366,"comment_status":"open","ping_status":"open","template":"","meta":{"inline_featured_image":false},"product_brand":[2112],"product_cat":[121],"product_tag":[],"class_list":{"0":"post-41894","1":"product","2":"type-product","3":"status-publish","4":"has-post-thumbnail","6":"product_brand-parker","7":"product_cat-marcas","9":"first","10":"outofstock","11":"taxable","12":"shipping-taxable","13":"purchasable","14":"product-type-variable","15":"has-default-attributes"},"aioseo_notices":[],"_links":{"self":[{"href":"https:\/\/imprimeideas.es\/en\/wp-json\/wp\/v2\/product\/41894","targetHints":{"allow":["GET"]}}],"collection":[{"href":"https:\/\/imprimeideas.es\/en\/wp-json\/wp\/v2\/product"}],"about":[{"href":"https:\/\/imprimeideas.es\/en\/wp-json\/wp\/v2\/types\/product"}],"replies":[{"embeddable":true,"href":"https:\/\/imprimeideas.es\/en\/wp-json\/wp\/v2\/comments?post=41894"}],"version-history":[{"count":1,"href":"https:\/\/imprimeideas.es\/en\/wp-json\/wp\/v2\/product\/41894\/revisions"}],"predecessor-version":[{"id":60751,"href":"https:\/\/imprimeideas.es\/en\/wp-json\/wp\/v2\/product\/41894\/revisions\/60751"}],"wp:featuredmedia":[{"embeddable":true,"href":"https:\/\/imprimeideas.es\/en\/wp-json\/wp\/v2\/media\/66366"}],"wp:attachment":[{"href":"https:\/\/imprimeideas.es\/en\/wp-json\/wp\/v2\/media?parent=41894"}],"wp:term":[{"taxonomy":"product_brand","embeddable":true,"href":"https:\/\/imprimeideas.es\/en\/wp-json\/wp\/v2\/product_brand?post=41894"},{"taxonomy":"product_cat","embeddable":true,"href":"https:\/\/imprimeideas.es\/en\/wp-json\/wp\/v2\/product_cat?post=41894"},{"taxonomy":"product_tag","embeddable":true,"href":"https:\/\/imprimeideas.es\/en\/wp-json\/wp\/v2\/product_tag?post=41894"}],"curies":[{"name":"wp","href":"https:\/\/api.w.org\/{rel}","templated":true}]}}