{"id":41892,"date":"2026-02-24T11:27:20","date_gmt":"2026-02-24T10:27:20","guid":{"rendered":"https:\/\/imprimeideas.es\/?post_type=product&p=41892"},"modified":"2026-02-26T18:08:05","modified_gmt":"2026-02-26T17:08:05","slug":"power-bank-baliok","status":"publish","type":"product","link":"https:\/\/imprimeideas.es\/en\/product\/power-bank-baliok\/","title":{"rendered":"Power Bank Baliok"},"content":{"rendered":"<p>Bater\u00eda auxiliar externa de Antonio Mir\u00f3, en elegante acabado negro mate, con logotipo de la marca en carcasa. Fabricada en resistente ABS, con 5.000 mAh de capacidad y cargador inal\u00e1mbrico integrado 5W. 2 salidas USB, con conexi\u00f3n Tipo C dual de entrada\/salida y entrada Micro USB. Compatible con dispositivos equipados con tecnolog\u00eda de carga inal\u00e1mbrica Qi. Indicador LED de estado de carga, con cable de carga Tipo C incluido. Presentada en caja individual negra con logotipo Antonio Mir\u00f3, con manual de instrucciones en espa\u00f1ol e ingl\u00e9s. Entrada\/Salida USB C: 5V 2.4A Salidas USB: 5V DC 2.4A Entrada Micro USB: 5V 2A Las capacidades mostradas en todas nuestras bater\u00edas auxiliares externas son reales, incorporando todas ellas bater\u00edas de grado A y no recicladas, con una vida \u00fatil de al menos 500 ciclos de carga y seg\u00fan normativa CE. Adem\u00e1s, est\u00e1n fabricadas conforme a los est\u00e1ndares RoHS y en cumplimiento con los siguientes requisitos de seguridad: Sistema de protecci\u00f3n contra sobrecarga del power bank. Sistema de protecci\u00f3n contra descarga completa que proporciona una mayor durabilidad del power bank. Sistema de bloqueo para evitar cortocircuitos. Sistema de transferencia de carga constante, acorde con la capacidad del dispositivo de destino.<\/p>","protected":false},"excerpt":{"rendered":"<p>Inal\u00e1mbrico 5W. 5000 mAh. 2 Salidas USB y 1 Tipo C. Entrada Micro USB y Tipo C<\/p>","protected":false},"featured_media":84631,"comment_status":"open","ping_status":"open","template":"","meta":{"inline_featured_image":false},"product_brand":[2064],"product_cat":[121],"product_tag":[],"class_list":{"0":"post-41892","1":"product","2":"type-product","3":"status-publish","4":"has-post-thumbnail","6":"product_brand-antonio-miro","7":"product_cat-marcas","9":"first","10":"instock","11":"taxable","12":"shipping-taxable","13":"purchasable","14":"product-type-variable","15":"has-default-attributes"},"aioseo_notices":[],"_links":{"self":[{"href":"https:\/\/imprimeideas.es\/en\/wp-json\/wp\/v2\/product\/41892","targetHints":{"allow":["GET"]}}],"collection":[{"href":"https:\/\/imprimeideas.es\/en\/wp-json\/wp\/v2\/product"}],"about":[{"href":"https:\/\/imprimeideas.es\/en\/wp-json\/wp\/v2\/types\/product"}],"replies":[{"embeddable":true,"href":"https:\/\/imprimeideas.es\/en\/wp-json\/wp\/v2\/comments?post=41892"}],"version-history":[{"count":1,"href":"https:\/\/imprimeideas.es\/en\/wp-json\/wp\/v2\/product\/41892\/revisions"}],"predecessor-version":[{"id":60750,"href":"https:\/\/imprimeideas.es\/en\/wp-json\/wp\/v2\/product\/41892\/revisions\/60750"}],"wp:featuredmedia":[{"embeddable":true,"href":"https:\/\/imprimeideas.es\/en\/wp-json\/wp\/v2\/media\/84631"}],"wp:attachment":[{"href":"https:\/\/imprimeideas.es\/en\/wp-json\/wp\/v2\/media?parent=41892"}],"wp:term":[{"taxonomy":"product_brand","embeddable":true,"href":"https:\/\/imprimeideas.es\/en\/wp-json\/wp\/v2\/product_brand?post=41892"},{"taxonomy":"product_cat","embeddable":true,"href":"https:\/\/imprimeideas.es\/en\/wp-json\/wp\/v2\/product_cat?post=41892"},{"taxonomy":"product_tag","embeddable":true,"href":"https:\/\/imprimeideas.es\/en\/wp-json\/wp\/v2\/product_tag?post=41892"}],"curies":[{"name":"wp","href":"https:\/\/api.w.org\/{rel}","templated":true}]}}