{"id":41890,"date":"2026-02-24T11:27:20","date_gmt":"2026-02-24T10:27:20","guid":{"rendered":"https:\/\/imprimeideas.es\/?post_type=product&p=41890"},"modified":"2026-02-26T18:19:24","modified_gmt":"2026-02-26T17:19:24","slug":"auriculares-trustal","status":"publish","type":"product","link":"https:\/\/imprimeideas.es\/en\/product\/auriculares-trustal\/","title":{"rendered":"Auriculares Trustal"},"content":{"rendered":"<p>Auriculares intraurales Bluetooth de Antonio Mir\u00f3, de dise\u00f1o y en elegante acabado negro mate. Conexi\u00f3n Bluetooth 5.0, con bater\u00eda integrada de litio de 30 mAh en cada auricular. Dise\u00f1o ergon\u00f3mico, con bot\u00f3n de control t\u00e1ctil en el auricular y funci\u00f3n manos libres. Base de carga a juego con logotipo de la marca, de 300 mAh de capacidad y con indicador LED de estado de carga. Cable de carga Tipo C a juego incluido y presentados en caja individual negra con logotipo Antonio Mir\u00f3. Disponible manual de instrucciones en espa\u00f1ol e ingl\u00e9s.<\/p>","protected":false},"excerpt":{"rendered":"<p>Conexi\u00f3n Bluetooth. Bater\u00eda 30 mAh\/ Base Carga 300 mAh<\/p>","protected":false},"featured_media":65267,"comment_status":"open","ping_status":"open","template":"","meta":{"inline_featured_image":false},"product_brand":[2064],"product_cat":[121],"product_tag":[],"class_list":{"0":"post-41890","1":"product","2":"type-product","3":"status-publish","4":"has-post-thumbnail","6":"product_brand-antonio-miro","7":"product_cat-marcas","9":"first","10":"instock","11":"taxable","12":"shipping-taxable","13":"purchasable","14":"product-type-variable","15":"has-default-attributes"},"aioseo_notices":[],"_links":{"self":[{"href":"https:\/\/imprimeideas.es\/en\/wp-json\/wp\/v2\/product\/41890","targetHints":{"allow":["GET"]}}],"collection":[{"href":"https:\/\/imprimeideas.es\/en\/wp-json\/wp\/v2\/product"}],"about":[{"href":"https:\/\/imprimeideas.es\/en\/wp-json\/wp\/v2\/types\/product"}],"replies":[{"embeddable":true,"href":"https:\/\/imprimeideas.es\/en\/wp-json\/wp\/v2\/comments?post=41890"}],"version-history":[{"count":1,"href":"https:\/\/imprimeideas.es\/en\/wp-json\/wp\/v2\/product\/41890\/revisions"}],"predecessor-version":[{"id":60749,"href":"https:\/\/imprimeideas.es\/en\/wp-json\/wp\/v2\/product\/41890\/revisions\/60749"}],"wp:featuredmedia":[{"embeddable":true,"href":"https:\/\/imprimeideas.es\/en\/wp-json\/wp\/v2\/media\/65267"}],"wp:attachment":[{"href":"https:\/\/imprimeideas.es\/en\/wp-json\/wp\/v2\/media?parent=41890"}],"wp:term":[{"taxonomy":"product_brand","embeddable":true,"href":"https:\/\/imprimeideas.es\/en\/wp-json\/wp\/v2\/product_brand?post=41890"},{"taxonomy":"product_cat","embeddable":true,"href":"https:\/\/imprimeideas.es\/en\/wp-json\/wp\/v2\/product_cat?post=41890"},{"taxonomy":"product_tag","embeddable":true,"href":"https:\/\/imprimeideas.es\/en\/wp-json\/wp\/v2\/product_tag?post=41890"}],"curies":[{"name":"wp","href":"https:\/\/api.w.org\/{rel}","templated":true}]}}