{"id":41888,"date":"2026-02-24T11:27:20","date_gmt":"2026-02-24T10:27:20","guid":{"rendered":"https:\/\/imprimeideas.es\/?post_type=product&p=41888"},"modified":"2026-02-26T18:42:25","modified_gmt":"2026-02-26T17:42:25","slug":"set-nimaly","status":"publish","type":"product","link":"https:\/\/imprimeideas.es\/en\/product\/set-nimaly\/","title":{"rendered":"Set Nimaly"},"content":{"rendered":"<p>Set de bloc de notas y bol\u00edgrafo de Antonio Mir\u00f3. Incluye: Bloc de notas de elegante acabado en negro, fabricado en resistente poli\u00e9ster 300D, con tapas r\u00edgidas y el\u00e1stico de sujeci\u00f3n a juego. Interior con 100 hojas de disposici\u00f3n a una raya. Bol\u00edgrafo met\u00e1lico de mecanismo giratorio y en tinta azul. Con cuerpo y detalles en negro, clip met\u00e1lico y logotipo de la marca. Set presentado en elegante y resistente caja individual negra con logotipo Antonio Mir\u00f3 y funda de protecci\u00f3n a juego.<\/p>","protected":false},"excerpt":{"rendered":"<p>Bloc Portada R\u00edgida. 100 Hojas. Bol\u00edgrafo<\/p>","protected":false},"featured_media":74533,"comment_status":"open","ping_status":"open","template":"","meta":{"inline_featured_image":false},"product_brand":[2064],"product_cat":[121],"product_tag":[],"class_list":{"0":"post-41888","1":"product","2":"type-product","3":"status-publish","4":"has-post-thumbnail","6":"product_brand-antonio-miro","7":"product_cat-marcas","9":"first","10":"instock","11":"taxable","12":"shipping-taxable","13":"purchasable","14":"product-type-variable","15":"has-default-attributes"},"aioseo_notices":[],"_links":{"self":[{"href":"https:\/\/imprimeideas.es\/en\/wp-json\/wp\/v2\/product\/41888","targetHints":{"allow":["GET"]}}],"collection":[{"href":"https:\/\/imprimeideas.es\/en\/wp-json\/wp\/v2\/product"}],"about":[{"href":"https:\/\/imprimeideas.es\/en\/wp-json\/wp\/v2\/types\/product"}],"replies":[{"embeddable":true,"href":"https:\/\/imprimeideas.es\/en\/wp-json\/wp\/v2\/comments?post=41888"}],"version-history":[{"count":1,"href":"https:\/\/imprimeideas.es\/en\/wp-json\/wp\/v2\/product\/41888\/revisions"}],"predecessor-version":[{"id":60748,"href":"https:\/\/imprimeideas.es\/en\/wp-json\/wp\/v2\/product\/41888\/revisions\/60748"}],"wp:featuredmedia":[{"embeddable":true,"href":"https:\/\/imprimeideas.es\/en\/wp-json\/wp\/v2\/media\/74533"}],"wp:attachment":[{"href":"https:\/\/imprimeideas.es\/en\/wp-json\/wp\/v2\/media?parent=41888"}],"wp:term":[{"taxonomy":"product_brand","embeddable":true,"href":"https:\/\/imprimeideas.es\/en\/wp-json\/wp\/v2\/product_brand?post=41888"},{"taxonomy":"product_cat","embeddable":true,"href":"https:\/\/imprimeideas.es\/en\/wp-json\/wp\/v2\/product_cat?post=41888"},{"taxonomy":"product_tag","embeddable":true,"href":"https:\/\/imprimeideas.es\/en\/wp-json\/wp\/v2\/product_tag?post=41888"}],"curies":[{"name":"wp","href":"https:\/\/api.w.org\/{rel}","templated":true}]}}