{"id":41884,"date":"2026-02-24T11:27:19","date_gmt":"2026-02-24T10:27:19","guid":{"rendered":"https:\/\/imprimeideas.es\/?post_type=product&p=41884"},"modified":"2026-02-26T18:23:14","modified_gmt":"2026-02-26T17:23:14","slug":"vaso-termico-reley","status":"publish","type":"product","link":"https:\/\/imprimeideas.es\/en\/product\/vaso-termico-reley\/","title":{"rendered":"Vaso T\u00e9rmico Reley"},"content":{"rendered":"<p>Vaso t\u00e9rmico de sobremesa de Antonio Mir\u00f3. Fabricado en acero inox de doble pared y 450ml de capacidad. Es ideal para tener en tu escritorio, mesa o en cualquier superficie donde disfrutar tranquilamente de tu bebida favorita. Acabado mate, con elegante tira central y logotipo de la marca en parte inferior. Dosificafor en tapa con abref\u00e1cil y libre de BPA. Presentado en elegante caja individual negra con logotipo Antonio Mir\u00f3.<\/p>","protected":false},"excerpt":{"rendered":"<p>450 ml<\/p>","protected":false},"featured_media":85196,"comment_status":"open","ping_status":"open","template":"","meta":{"inline_featured_image":false},"product_brand":[2064],"product_cat":[121,97],"product_tag":[],"class_list":{"0":"post-41884","1":"product","2":"type-product","3":"status-publish","4":"has-post-thumbnail","6":"product_brand-antonio-miro","7":"product_cat-marcas","8":"product_cat-tazas-jarras-y-termos","10":"first","11":"instock","12":"taxable","13":"shipping-taxable","14":"purchasable","15":"product-type-variable","16":"has-default-attributes"},"aioseo_notices":[],"_links":{"self":[{"href":"https:\/\/imprimeideas.es\/en\/wp-json\/wp\/v2\/product\/41884","targetHints":{"allow":["GET"]}}],"collection":[{"href":"https:\/\/imprimeideas.es\/en\/wp-json\/wp\/v2\/product"}],"about":[{"href":"https:\/\/imprimeideas.es\/en\/wp-json\/wp\/v2\/types\/product"}],"replies":[{"embeddable":true,"href":"https:\/\/imprimeideas.es\/en\/wp-json\/wp\/v2\/comments?post=41884"}],"version-history":[{"count":1,"href":"https:\/\/imprimeideas.es\/en\/wp-json\/wp\/v2\/product\/41884\/revisions"}],"predecessor-version":[{"id":60746,"href":"https:\/\/imprimeideas.es\/en\/wp-json\/wp\/v2\/product\/41884\/revisions\/60746"}],"wp:featuredmedia":[{"embeddable":true,"href":"https:\/\/imprimeideas.es\/en\/wp-json\/wp\/v2\/media\/85196"}],"wp:attachment":[{"href":"https:\/\/imprimeideas.es\/en\/wp-json\/wp\/v2\/media?parent=41884"}],"wp:term":[{"taxonomy":"product_brand","embeddable":true,"href":"https:\/\/imprimeideas.es\/en\/wp-json\/wp\/v2\/product_brand?post=41884"},{"taxonomy":"product_cat","embeddable":true,"href":"https:\/\/imprimeideas.es\/en\/wp-json\/wp\/v2\/product_cat?post=41884"},{"taxonomy":"product_tag","embeddable":true,"href":"https:\/\/imprimeideas.es\/en\/wp-json\/wp\/v2\/product_tag?post=41884"}],"curies":[{"name":"wp","href":"https:\/\/api.w.org\/{rel}","templated":true}]}}