{"id":41870,"date":"2026-02-24T11:27:18","date_gmt":"2026-02-24T10:27:18","guid":{"rendered":"https:\/\/imprimeideas.es\/?post_type=product&p=41870"},"modified":"2026-02-26T18:28:06","modified_gmt":"2026-02-26T17:28:06","slug":"set-tengluk","status":"publish","type":"product","link":"https:\/\/imprimeideas.es\/en\/product\/set-tengluk\/","title":{"rendered":"Set Tengluk"},"content":{"rendered":"<p>Set de bol\u00edgrafo y roller de Antonio Mir\u00f3. Incluye: Bol\u00edgrafo met\u00e1lico con cuerpo en negro mate. Detalles y capucha en cromado con logotipo de la marca cartucho jumbo y en tinta azul.Roller met\u00e1lico con cuerpo en negro mate. Detalles y capucha en cromado con logotipo de la marca. Cartucho jumbo y en tinta azul.Presentado en elegante y resistente estuche individual negro con logotipo Antonio Mir\u00f3, cierre magn\u00e9tico y funda de protecci\u00f3n a juego.<\/p>","protected":false},"excerpt":{"rendered":"<p>Bol\u00edgrafo y Roller. Carga Jumbo<\/p>","protected":false},"featured_media":77395,"comment_status":"open","ping_status":"open","template":"","meta":{"inline_featured_image":false},"product_brand":[2064],"product_cat":[121],"product_tag":[],"class_list":{"0":"post-41870","1":"product","2":"type-product","3":"status-publish","4":"has-post-thumbnail","6":"product_brand-antonio-miro","7":"product_cat-marcas","9":"first","10":"instock","11":"taxable","12":"shipping-taxable","13":"purchasable","14":"product-type-variable","15":"has-default-attributes"},"aioseo_notices":[],"_links":{"self":[{"href":"https:\/\/imprimeideas.es\/en\/wp-json\/wp\/v2\/product\/41870","targetHints":{"allow":["GET"]}}],"collection":[{"href":"https:\/\/imprimeideas.es\/en\/wp-json\/wp\/v2\/product"}],"about":[{"href":"https:\/\/imprimeideas.es\/en\/wp-json\/wp\/v2\/types\/product"}],"replies":[{"embeddable":true,"href":"https:\/\/imprimeideas.es\/en\/wp-json\/wp\/v2\/comments?post=41870"}],"version-history":[{"count":1,"href":"https:\/\/imprimeideas.es\/en\/wp-json\/wp\/v2\/product\/41870\/revisions"}],"predecessor-version":[{"id":60740,"href":"https:\/\/imprimeideas.es\/en\/wp-json\/wp\/v2\/product\/41870\/revisions\/60740"}],"wp:featuredmedia":[{"embeddable":true,"href":"https:\/\/imprimeideas.es\/en\/wp-json\/wp\/v2\/media\/77395"}],"wp:attachment":[{"href":"https:\/\/imprimeideas.es\/en\/wp-json\/wp\/v2\/media?parent=41870"}],"wp:term":[{"taxonomy":"product_brand","embeddable":true,"href":"https:\/\/imprimeideas.es\/en\/wp-json\/wp\/v2\/product_brand?post=41870"},{"taxonomy":"product_cat","embeddable":true,"href":"https:\/\/imprimeideas.es\/en\/wp-json\/wp\/v2\/product_cat?post=41870"},{"taxonomy":"product_tag","embeddable":true,"href":"https:\/\/imprimeideas.es\/en\/wp-json\/wp\/v2\/product_tag?post=41870"}],"curies":[{"name":"wp","href":"https:\/\/api.w.org\/{rel}","templated":true}]}}