{"id":41862,"date":"2026-02-24T11:27:17","date_gmt":"2026-02-24T10:27:17","guid":{"rendered":"https:\/\/imprimeideas.es\/?post_type=product&p=41862"},"modified":"2026-02-26T18:19:07","modified_gmt":"2026-02-26T17:19:07","slug":"colgador-gotan","status":"publish","type":"product","link":"https:\/\/imprimeideas.es\/en\/product\/colgador-gotan\/","title":{"rendered":"Colgador Gotan"},"content":{"rendered":"<p>Original colgador para transportar el bid\u00f3n. Fabricado en resistente silicona, con mosquet\u00f3n de transporte de aluminio. Disponible en variada gama de colores, con lado liso para impresi\u00f3n. Disponible manual de instrucciones en espa\u00f1ol e ingl\u00e9s.<\/p>","protected":false},"excerpt":{"rendered":"<p>Original colgador para transportar el bid\u00f3n. Fabricado en resistente silicona, con mosquet\u00f3n de transporte de aluminio. Disponible en variada gama<\/p>","protected":false},"featured_media":68951,"comment_status":"open","ping_status":"open","template":"","meta":{"inline_featured_image":false},"product_brand":[],"product_cat":[97],"product_tag":[],"class_list":{"0":"post-41862","1":"product","2":"type-product","3":"status-publish","4":"has-post-thumbnail","6":"product_cat-tazas-jarras-y-termos","8":"first","9":"instock","10":"taxable","11":"shipping-taxable","12":"purchasable","13":"product-type-variable","14":"has-default-attributes"},"aioseo_notices":[],"_links":{"self":[{"href":"https:\/\/imprimeideas.es\/en\/wp-json\/wp\/v2\/product\/41862","targetHints":{"allow":["GET"]}}],"collection":[{"href":"https:\/\/imprimeideas.es\/en\/wp-json\/wp\/v2\/product"}],"about":[{"href":"https:\/\/imprimeideas.es\/en\/wp-json\/wp\/v2\/types\/product"}],"replies":[{"embeddable":true,"href":"https:\/\/imprimeideas.es\/en\/wp-json\/wp\/v2\/comments?post=41862"}],"version-history":[{"count":1,"href":"https:\/\/imprimeideas.es\/en\/wp-json\/wp\/v2\/product\/41862\/revisions"}],"predecessor-version":[{"id":60343,"href":"https:\/\/imprimeideas.es\/en\/wp-json\/wp\/v2\/product\/41862\/revisions\/60343"}],"wp:featuredmedia":[{"embeddable":true,"href":"https:\/\/imprimeideas.es\/en\/wp-json\/wp\/v2\/media\/68951"}],"wp:attachment":[{"href":"https:\/\/imprimeideas.es\/en\/wp-json\/wp\/v2\/media?parent=41862"}],"wp:term":[{"taxonomy":"product_brand","embeddable":true,"href":"https:\/\/imprimeideas.es\/en\/wp-json\/wp\/v2\/product_brand?post=41862"},{"taxonomy":"product_cat","embeddable":true,"href":"https:\/\/imprimeideas.es\/en\/wp-json\/wp\/v2\/product_cat?post=41862"},{"taxonomy":"product_tag","embeddable":true,"href":"https:\/\/imprimeideas.es\/en\/wp-json\/wp\/v2\/product_tag?post=41862"}],"curies":[{"name":"wp","href":"https:\/\/api.w.org\/{rel}","templated":true}]}}