{"id":41852,"date":"2026-02-24T11:27:16","date_gmt":"2026-02-24T10:27:16","guid":{"rendered":"https:\/\/imprimeideas.es\/?post_type=product&p=41852"},"modified":"2026-02-26T18:23:30","modified_gmt":"2026-02-26T17:23:30","slug":"set-champus-turuen","status":"publish","type":"product","link":"https:\/\/imprimeideas.es\/en\/product\/set-champus-turuen\/","title":{"rendered":"Set Champ\u00fas Turuen"},"content":{"rendered":"<p>Set vegano de champ\u00fas. Contenido: 1 x champ\u00fa s\u00f3lido Shikakai de 30 gr, elaborado con una selecci\u00f3n de ingredientes activos como la oliva virgen, manteca de karit\u00e9 bio, zanahoria y extractos bot\u00e1nicos de shikakai. Rico en vitamina E, aportando al cabello limpieza, sedosidad y vigor. De agradable fragancia que aporta un estado de placer y bienestar interior. 1 x champ\u00fa s\u00f3lido Amalaki de 30 gr, con extractos de plantas y especias. Enriquecido con c\u00farcuma, amalaki, aguacate, oliva, jojoba, rosa damascena, pomelo blanco y naranja, que aportan una hidrataci\u00f3n profunda y un brillo impresionante. 1 x champ\u00fa s\u00f3lido Ghassoul de 30 gr. Con ghassoul procedente de Marruecos, aportando flexibilidad, volumen y brillo sin alterar la queritina natural. Rico en manteca de karit\u00e9, aportando hidrataci\u00f3n y suavidad. La mandarina aporta brillo y los aceites esenciales de incienso, geranio, lavanda y rosa le dan un aroma cautivador que te llevar\u00e1 a un estado de equilibrio y paz. Presentaci\u00f3n en bolsa individual de algod\u00f3n, con cierre de cord\u00f3n y etiqueta distintiva. Dermatol\u00f3gicamente testado y de fabricaci\u00f3n europea. Producto sostenible y 100% vegano, sin ingredientes de procedencia animal. Adem\u00e1s, no se han realizado pruebas de estos productos en animales, promoviendo el cuidado y respeto de todos ellos.<\/p>","protected":false},"excerpt":{"rendered":"<p>3 Piezas 30 gr. Shikakai, Amalaki y Ghassoul<\/p>","protected":false},"featured_media":78058,"comment_status":"open","ping_status":"open","template":"","meta":{"inline_featured_image":false},"product_brand":[],"product_cat":[122,107],"product_tag":[],"class_list":{"0":"post-41852","1":"product","2":"type-product","3":"status-publish","4":"has-post-thumbnail","6":"product_cat-articulos-sostenibles","7":"product_cat-cuidado-personal-y-pharma","9":"first","10":"instock","11":"taxable","12":"shipping-taxable","13":"purchasable","14":"product-type-variable","15":"has-default-attributes"},"aioseo_notices":[],"_links":{"self":[{"href":"https:\/\/imprimeideas.es\/en\/wp-json\/wp\/v2\/product\/41852","targetHints":{"allow":["GET"]}}],"collection":[{"href":"https:\/\/imprimeideas.es\/en\/wp-json\/wp\/v2\/product"}],"about":[{"href":"https:\/\/imprimeideas.es\/en\/wp-json\/wp\/v2\/types\/product"}],"replies":[{"embeddable":true,"href":"https:\/\/imprimeideas.es\/en\/wp-json\/wp\/v2\/comments?post=41852"}],"version-history":[{"count":1,"href":"https:\/\/imprimeideas.es\/en\/wp-json\/wp\/v2\/product\/41852\/revisions"}],"predecessor-version":[{"id":58798,"href":"https:\/\/imprimeideas.es\/en\/wp-json\/wp\/v2\/product\/41852\/revisions\/58798"}],"wp:featuredmedia":[{"embeddable":true,"href":"https:\/\/imprimeideas.es\/en\/wp-json\/wp\/v2\/media\/78058"}],"wp:attachment":[{"href":"https:\/\/imprimeideas.es\/en\/wp-json\/wp\/v2\/media?parent=41852"}],"wp:term":[{"taxonomy":"product_brand","embeddable":true,"href":"https:\/\/imprimeideas.es\/en\/wp-json\/wp\/v2\/product_brand?post=41852"},{"taxonomy":"product_cat","embeddable":true,"href":"https:\/\/imprimeideas.es\/en\/wp-json\/wp\/v2\/product_cat?post=41852"},{"taxonomy":"product_tag","embeddable":true,"href":"https:\/\/imprimeideas.es\/en\/wp-json\/wp\/v2\/product_tag?post=41852"}],"curies":[{"name":"wp","href":"https:\/\/api.w.org\/{rel}","templated":true}]}}