{"id":41847,"date":"2026-02-24T11:27:15","date_gmt":"2026-02-24T10:27:15","guid":{"rendered":"https:\/\/imprimeideas.es\/?post_type=product&p=41847"},"modified":"2026-02-26T18:37:34","modified_gmt":"2026-02-26T17:37:34","slug":"champu-nanon","status":"publish","type":"product","link":"https:\/\/imprimeideas.es\/en\/product\/champu-nanon\/","title":{"rendered":"Champ\u00fa Nanon"},"content":{"rendered":"<p>Champ\u00fa s\u00f3lido vegano Shikakai de 80 gr, elaborado con una selecci\u00f3n de ingredientes activos como la oliva virgen, manteca de karit\u00e9 bio, zanahoria y extractos bot\u00e1nicos de shikakai. Rico en vitamina E, aportando al cabello limpieza, sedosidad y vigor. De agradable fragancia que aporta un estado de placer y bienestar interior. Presentaci\u00f3n en bolsa individual de algod\u00f3n, con cierre de cord\u00f3n y etiqueta distintiva. Dermatol\u00f3gicamente testado y de fabricaci\u00f3n europea. Producto sostenible y 100% vegano, sin ingredientes de procedencia animal. Adem\u00e1s, no se han realizado pruebas de estos productos en animales, promoviendo el cuidado y respeto de todos ellos.<\/p>","protected":false},"excerpt":{"rendered":"<p>Shikakai. 80 gr<\/p>","protected":false},"featured_media":61809,"comment_status":"open","ping_status":"open","template":"","meta":{"inline_featured_image":false},"product_brand":[],"product_cat":[122,107,106],"product_tag":[],"class_list":{"0":"post-41847","1":"product","2":"type-product","3":"status-publish","4":"has-post-thumbnail","6":"product_cat-articulos-sostenibles","7":"product_cat-cuidado-personal-y-pharma","8":"product_cat-regalos-y-premiums","10":"first","11":"instock","12":"taxable","13":"shipping-taxable","14":"purchasable","15":"product-type-variable","16":"has-default-attributes"},"aioseo_notices":[],"_links":{"self":[{"href":"https:\/\/imprimeideas.es\/en\/wp-json\/wp\/v2\/product\/41847","targetHints":{"allow":["GET"]}}],"collection":[{"href":"https:\/\/imprimeideas.es\/en\/wp-json\/wp\/v2\/product"}],"about":[{"href":"https:\/\/imprimeideas.es\/en\/wp-json\/wp\/v2\/types\/product"}],"replies":[{"embeddable":true,"href":"https:\/\/imprimeideas.es\/en\/wp-json\/wp\/v2\/comments?post=41847"}],"version-history":[{"count":1,"href":"https:\/\/imprimeideas.es\/en\/wp-json\/wp\/v2\/product\/41847\/revisions"}],"predecessor-version":[{"id":58796,"href":"https:\/\/imprimeideas.es\/en\/wp-json\/wp\/v2\/product\/41847\/revisions\/58796"}],"wp:featuredmedia":[{"embeddable":true,"href":"https:\/\/imprimeideas.es\/en\/wp-json\/wp\/v2\/media\/61809"}],"wp:attachment":[{"href":"https:\/\/imprimeideas.es\/en\/wp-json\/wp\/v2\/media?parent=41847"}],"wp:term":[{"taxonomy":"product_brand","embeddable":true,"href":"https:\/\/imprimeideas.es\/en\/wp-json\/wp\/v2\/product_brand?post=41847"},{"taxonomy":"product_cat","embeddable":true,"href":"https:\/\/imprimeideas.es\/en\/wp-json\/wp\/v2\/product_cat?post=41847"},{"taxonomy":"product_tag","embeddable":true,"href":"https:\/\/imprimeideas.es\/en\/wp-json\/wp\/v2\/product_tag?post=41847"}],"curies":[{"name":"wp","href":"https:\/\/api.w.org\/{rel}","templated":true}]}}