{"id":41845,"date":"2026-02-24T11:27:15","date_gmt":"2026-02-24T10:27:15","guid":{"rendered":"https:\/\/imprimeideas.es\/?post_type=product&p=41845"},"modified":"2026-02-26T18:19:26","modified_gmt":"2026-02-26T17:19:26","slug":"jabon-gopax","status":"publish","type":"product","link":"https:\/\/imprimeideas.es\/en\/product\/jabon-gopax\/","title":{"rendered":"Jab\u00f3n Gopax"},"content":{"rendered":"<p>Pastilla de jab\u00f3n vegano de 100 gr. Aroma de cal\u00e9ndula y manzanilla con propiedades calmantes, hidratantes y reparadoras. Dermatol\u00f3gicamente testado y de fabricaci\u00f3n europea. Presentaci\u00f3n en bolsa individual de algod\u00f3n, con cierre de cord\u00f3n y etiqueta distintiva. Producto sostenible y 100% vegano, sin ingredientes de procedencia animal. Adem\u00e1s, no se han realizado pruebas de estos productos en animales, promoviendo el cuidado y respeto de todos ellos.<\/p>","protected":false},"excerpt":{"rendered":"<p>Calendula y Manzanilla. 100 gr<\/p>","protected":false},"featured_media":80213,"comment_status":"open","ping_status":"open","template":"","meta":{"inline_featured_image":false},"product_brand":[],"product_cat":[122,107,123],"product_tag":[],"class_list":{"0":"post-41845","1":"product","2":"type-product","3":"status-publish","4":"has-post-thumbnail","6":"product_cat-articulos-sostenibles","7":"product_cat-cuidado-personal-y-pharma","8":"product_cat-made-in-europe","10":"first","11":"outofstock","12":"taxable","13":"shipping-taxable","14":"purchasable","15":"product-type-variable","16":"has-default-attributes"},"aioseo_notices":[],"_links":{"self":[{"href":"https:\/\/imprimeideas.es\/en\/wp-json\/wp\/v2\/product\/41845","targetHints":{"allow":["GET"]}}],"collection":[{"href":"https:\/\/imprimeideas.es\/en\/wp-json\/wp\/v2\/product"}],"about":[{"href":"https:\/\/imprimeideas.es\/en\/wp-json\/wp\/v2\/types\/product"}],"replies":[{"embeddable":true,"href":"https:\/\/imprimeideas.es\/en\/wp-json\/wp\/v2\/comments?post=41845"}],"version-history":[{"count":1,"href":"https:\/\/imprimeideas.es\/en\/wp-json\/wp\/v2\/product\/41845\/revisions"}],"predecessor-version":[{"id":58795,"href":"https:\/\/imprimeideas.es\/en\/wp-json\/wp\/v2\/product\/41845\/revisions\/58795"}],"wp:featuredmedia":[{"embeddable":true,"href":"https:\/\/imprimeideas.es\/en\/wp-json\/wp\/v2\/media\/80213"}],"wp:attachment":[{"href":"https:\/\/imprimeideas.es\/en\/wp-json\/wp\/v2\/media?parent=41845"}],"wp:term":[{"taxonomy":"product_brand","embeddable":true,"href":"https:\/\/imprimeideas.es\/en\/wp-json\/wp\/v2\/product_brand?post=41845"},{"taxonomy":"product_cat","embeddable":true,"href":"https:\/\/imprimeideas.es\/en\/wp-json\/wp\/v2\/product_cat?post=41845"},{"taxonomy":"product_tag","embeddable":true,"href":"https:\/\/imprimeideas.es\/en\/wp-json\/wp\/v2\/product_tag?post=41845"}],"curies":[{"name":"wp","href":"https:\/\/api.w.org\/{rel}","templated":true}]}}