{"id":41830,"date":"2026-02-24T11:27:14","date_gmt":"2026-02-24T10:27:14","guid":{"rendered":"https:\/\/imprimeideas.es\/?post_type=product&p=41830"},"modified":"2026-02-26T18:37:39","modified_gmt":"2026-02-26T17:37:39","slug":"altavoz-walen","status":"publish","type":"product","link":"https:\/\/imprimeideas.es\/en\/product\/altavoz-walen\/","title":{"rendered":"Altavoz Walen"},"content":{"rendered":"<p>Potente altavoz Bluetooth de 5W con luz multicolor. Port\u00e1til y fabricado en resistente material ABS de color negro mate, con rejilla y colgador integrado. Con luces LED multicolor y 5 posiciones de iluminaci\u00f3n. Conexi\u00f3n Bluetooth 5.0 + EDR (tasa de transmisi\u00f3n de datos mejorada). Panel de control integrado en la parte superior del altavoz y completa conectividad, con funci\u00f3n manos libres, puerto USB para reproducci\u00f3n desde una memoria USB, ranura para tarjeta micro SD (hasta 32GB) y funci\u00f3n radio FM. Con bater\u00eda de litio de 1.200 mAh y cable de carga Tipo C incluido. Placa integrada en la rejilla para f\u00e1cil marcaje y presentado en caja individual de dise\u00f1o kraft, con manual de instrucciones en espa\u00f1ol e ingl\u00e9s.<\/p>","protected":false},"excerpt":{"rendered":"<p>5 Posiciones de Luz Multicolor. Conexi\u00f3n Bluetooth. Potencia Sonido 5W. Bater\u00eda 1.200 mAh<\/p>","protected":false},"featured_media":76497,"comment_status":"open","ping_status":"open","template":"","meta":{"inline_featured_image":false},"product_brand":[],"product_cat":[95],"product_tag":[],"class_list":{"0":"post-41830","1":"product","2":"type-product","3":"status-publish","4":"has-post-thumbnail","6":"product_cat-tecnologia-y-accesorios","8":"first","9":"outofstock","10":"taxable","11":"shipping-taxable","12":"purchasable","13":"product-type-variable","14":"has-default-attributes"},"aioseo_notices":[],"_links":{"self":[{"href":"https:\/\/imprimeideas.es\/en\/wp-json\/wp\/v2\/product\/41830","targetHints":{"allow":["GET"]}}],"collection":[{"href":"https:\/\/imprimeideas.es\/en\/wp-json\/wp\/v2\/product"}],"about":[{"href":"https:\/\/imprimeideas.es\/en\/wp-json\/wp\/v2\/types\/product"}],"replies":[{"embeddable":true,"href":"https:\/\/imprimeideas.es\/en\/wp-json\/wp\/v2\/comments?post=41830"}],"version-history":[{"count":1,"href":"https:\/\/imprimeideas.es\/en\/wp-json\/wp\/v2\/product\/41830\/revisions"}],"predecessor-version":[{"id":54915,"href":"https:\/\/imprimeideas.es\/en\/wp-json\/wp\/v2\/product\/41830\/revisions\/54915"}],"wp:featuredmedia":[{"embeddable":true,"href":"https:\/\/imprimeideas.es\/en\/wp-json\/wp\/v2\/media\/76497"}],"wp:attachment":[{"href":"https:\/\/imprimeideas.es\/en\/wp-json\/wp\/v2\/media?parent=41830"}],"wp:term":[{"taxonomy":"product_brand","embeddable":true,"href":"https:\/\/imprimeideas.es\/en\/wp-json\/wp\/v2\/product_brand?post=41830"},{"taxonomy":"product_cat","embeddable":true,"href":"https:\/\/imprimeideas.es\/en\/wp-json\/wp\/v2\/product_cat?post=41830"},{"taxonomy":"product_tag","embeddable":true,"href":"https:\/\/imprimeideas.es\/en\/wp-json\/wp\/v2\/product_tag?post=41830"}],"curies":[{"name":"wp","href":"https:\/\/api.w.org\/{rel}","templated":true}]}}