{"id":41822,"date":"2026-02-24T11:27:13","date_gmt":"2026-02-24T10:27:13","guid":{"rendered":"https:\/\/imprimeideas.es\/?post_type=product&p=41822"},"modified":"2026-02-26T18:23:13","modified_gmt":"2026-02-26T17:23:13","slug":"altavoz-skind","status":"publish","type":"product","link":"https:\/\/imprimeideas.es\/en\/product\/altavoz-skind\/","title":{"rendered":"Altavoz Skind"},"content":{"rendered":"<p>Compacto altavoz con conexi\u00f3n Bluetooth. Fabricado en aluminio reciclado, con posibilidades de reciclaje casi infinitas, sin perder sus propiedades originales y consumiendo menos energ\u00eda en este proceso. Con 3W de potencia y bater\u00eda de 450 mAh. Conexi\u00f3n Bluetooth 5.0, con funci\u00f3n manos libres y radio FM. Ranura para tarjetas micro SD, con luz ambiente en la parte inferior. Disponible en variada gama de colores y presentado en caja individual de dise\u00f1o kraft, con manual de instrucciones en espa\u00f1ol e ingl\u00e9s.<\/p>","protected":false},"excerpt":{"rendered":"<p>Conexi\u00f3n Bluetooth. Potencia Sonido 3W. Bater\u00eda 450 mAh<\/p>","protected":false},"featured_media":61559,"comment_status":"open","ping_status":"open","template":"","meta":{"inline_featured_image":false},"product_brand":[],"product_cat":[122,95],"product_tag":[],"class_list":{"0":"post-41822","1":"product","2":"type-product","3":"status-publish","4":"has-post-thumbnail","6":"product_cat-articulos-sostenibles","7":"product_cat-tecnologia-y-accesorios","9":"first","10":"instock","11":"taxable","12":"shipping-taxable","13":"purchasable","14":"product-type-variable","15":"has-default-attributes"},"aioseo_notices":[],"_links":{"self":[{"href":"https:\/\/imprimeideas.es\/en\/wp-json\/wp\/v2\/product\/41822","targetHints":{"allow":["GET"]}}],"collection":[{"href":"https:\/\/imprimeideas.es\/en\/wp-json\/wp\/v2\/product"}],"about":[{"href":"https:\/\/imprimeideas.es\/en\/wp-json\/wp\/v2\/types\/product"}],"replies":[{"embeddable":true,"href":"https:\/\/imprimeideas.es\/en\/wp-json\/wp\/v2\/comments?post=41822"}],"version-history":[{"count":1,"href":"https:\/\/imprimeideas.es\/en\/wp-json\/wp\/v2\/product\/41822\/revisions"}],"predecessor-version":[{"id":54914,"href":"https:\/\/imprimeideas.es\/en\/wp-json\/wp\/v2\/product\/41822\/revisions\/54914"}],"wp:featuredmedia":[{"embeddable":true,"href":"https:\/\/imprimeideas.es\/en\/wp-json\/wp\/v2\/media\/61559"}],"wp:attachment":[{"href":"https:\/\/imprimeideas.es\/en\/wp-json\/wp\/v2\/media?parent=41822"}],"wp:term":[{"taxonomy":"product_brand","embeddable":true,"href":"https:\/\/imprimeideas.es\/en\/wp-json\/wp\/v2\/product_brand?post=41822"},{"taxonomy":"product_cat","embeddable":true,"href":"https:\/\/imprimeideas.es\/en\/wp-json\/wp\/v2\/product_cat?post=41822"},{"taxonomy":"product_tag","embeddable":true,"href":"https:\/\/imprimeideas.es\/en\/wp-json\/wp\/v2\/product_tag?post=41822"}],"curies":[{"name":"wp","href":"https:\/\/api.w.org\/{rel}","templated":true}]}}