{"id":41816,"date":"2026-02-24T11:27:12","date_gmt":"2026-02-24T10:27:12","guid":{"rendered":"https:\/\/imprimeideas.es\/?post_type=product&p=41816"},"modified":"2026-02-26T18:08:26","modified_gmt":"2026-02-26T17:08:26","slug":"auriculares-prucky","status":"publish","type":"product","link":"https:\/\/imprimeideas.es\/en\/product\/auriculares-prucky\/","title":{"rendered":"Auriculares Prucky"},"content":{"rendered":"<p>Auriculares intraurales Bluetooth 5.3. De dise\u00f1o ergon\u00f3mico disponibles en variada gama de colores, con almohadillas de recambio a juego. Incluyen bot\u00f3n de control integrado en el auricular, con base de carga a juego y luz LED de estado de carga. Funci\u00f3n manos libres y recargables USB, con cable Tipo C incluido y bater\u00eda de 35 mAh en cada auricular. Base de carga a juego, con bater\u00eda integrada de 300 mAh y presentados en caja individual de dise\u00f1o. Manual de instrucciones en espa\u00f1ol e ingl\u00e9s.<\/p>","protected":false},"excerpt":{"rendered":"<p>Conexi\u00f3n Bluetooth. Bater\u00eda 35 mAh\/ Base Carga 300 mAh<\/p>","protected":false},"featured_media":61043,"comment_status":"open","ping_status":"open","template":"","meta":{"inline_featured_image":false},"product_brand":[],"product_cat":[95],"product_tag":[],"class_list":{"0":"post-41816","1":"product","2":"type-product","3":"status-publish","4":"has-post-thumbnail","6":"product_cat-tecnologia-y-accesorios","8":"first","9":"outofstock","10":"taxable","11":"shipping-taxable","12":"purchasable","13":"product-type-variable","14":"has-default-attributes"},"aioseo_notices":[],"_links":{"self":[{"href":"https:\/\/imprimeideas.es\/en\/wp-json\/wp\/v2\/product\/41816","targetHints":{"allow":["GET"]}}],"collection":[{"href":"https:\/\/imprimeideas.es\/en\/wp-json\/wp\/v2\/product"}],"about":[{"href":"https:\/\/imprimeideas.es\/en\/wp-json\/wp\/v2\/types\/product"}],"replies":[{"embeddable":true,"href":"https:\/\/imprimeideas.es\/en\/wp-json\/wp\/v2\/comments?post=41816"}],"version-history":[{"count":1,"href":"https:\/\/imprimeideas.es\/en\/wp-json\/wp\/v2\/product\/41816\/revisions"}],"predecessor-version":[{"id":54911,"href":"https:\/\/imprimeideas.es\/en\/wp-json\/wp\/v2\/product\/41816\/revisions\/54911"}],"wp:featuredmedia":[{"embeddable":true,"href":"https:\/\/imprimeideas.es\/en\/wp-json\/wp\/v2\/media\/61043"}],"wp:attachment":[{"href":"https:\/\/imprimeideas.es\/en\/wp-json\/wp\/v2\/media?parent=41816"}],"wp:term":[{"taxonomy":"product_brand","embeddable":true,"href":"https:\/\/imprimeideas.es\/en\/wp-json\/wp\/v2\/product_brand?post=41816"},{"taxonomy":"product_cat","embeddable":true,"href":"https:\/\/imprimeideas.es\/en\/wp-json\/wp\/v2\/product_cat?post=41816"},{"taxonomy":"product_tag","embeddable":true,"href":"https:\/\/imprimeideas.es\/en\/wp-json\/wp\/v2\/product_tag?post=41816"}],"curies":[{"name":"wp","href":"https:\/\/api.w.org\/{rel}","templated":true}]}}