{"id":41792,"date":"2026-02-24T11:27:09","date_gmt":"2026-02-24T10:27:09","guid":{"rendered":"https:\/\/imprimeideas.es\/?post_type=product&p=41792"},"modified":"2026-02-26T18:32:57","modified_gmt":"2026-02-26T17:32:57","slug":"reloj-multifuncion-edres","status":"publish","type":"product","link":"https:\/\/imprimeideas.es\/en\/product\/reloj-multifuncion-edres\/","title":{"rendered":"Reloj Multifunci\u00f3n Edres"},"content":{"rendered":"<p>Reloj multifunci\u00f3n con pantalla t\u00e1ctil retroiluminada y cargador inal\u00e1mbrico 15W integrado, con salida USB(5V DC 2A). Plegable y fabricado en bamb\u00fa, con funciones fecha\/hora y alarma. L\u00e1mpara con 16 LEDs y 3 posiciones de iluminaci\u00f3n, con intensidad de luz regulable. Cable de carga Tipo C incluido y compatible con dispositivos equipados con tecnolog\u00eda de carga inal\u00e1mbrica Qi. Presentado en caja individual de dise\u00f1o kraft, con manual de instrucciones en espa\u00f1ol en ingl\u00e9s.Fabricado conforme a los est\u00e1ndares RoHS y en cumplimiento con los siguientes requisitos de seguridad:Sistema de protecci\u00f3n contra sobrecalentamiento.Sistema de protecci\u00f3n contra sobrecarga.Sistema de bloqueo para evitar cortocircuitos.<\/p>","protected":false},"excerpt":{"rendered":"<p>L\u00e1mpara 16 Ledes. Plegable. 3 Posiciones de Luz. Intensidad de Luz Regulable. Cargador Inal\u00e1mbrico 15W. Salida USB. Conexi\u00f3n USB<\/p>","protected":false},"featured_media":78486,"comment_status":"open","ping_status":"open","template":"","meta":{"inline_featured_image":false},"product_brand":[],"product_cat":[122,95],"product_tag":[],"class_list":{"0":"post-41792","1":"product","2":"type-product","3":"status-publish","4":"has-post-thumbnail","6":"product_cat-articulos-sostenibles","7":"product_cat-tecnologia-y-accesorios","9":"first","10":"instock","11":"taxable","12":"shipping-taxable","13":"purchasable","14":"product-type-variable","15":"has-default-attributes"},"aioseo_notices":[],"_links":{"self":[{"href":"https:\/\/imprimeideas.es\/en\/wp-json\/wp\/v2\/product\/41792","targetHints":{"allow":["GET"]}}],"collection":[{"href":"https:\/\/imprimeideas.es\/en\/wp-json\/wp\/v2\/product"}],"about":[{"href":"https:\/\/imprimeideas.es\/en\/wp-json\/wp\/v2\/types\/product"}],"replies":[{"embeddable":true,"href":"https:\/\/imprimeideas.es\/en\/wp-json\/wp\/v2\/comments?post=41792"}],"version-history":[{"count":1,"href":"https:\/\/imprimeideas.es\/en\/wp-json\/wp\/v2\/product\/41792\/revisions"}],"predecessor-version":[{"id":54905,"href":"https:\/\/imprimeideas.es\/en\/wp-json\/wp\/v2\/product\/41792\/revisions\/54905"}],"wp:featuredmedia":[{"embeddable":true,"href":"https:\/\/imprimeideas.es\/en\/wp-json\/wp\/v2\/media\/78486"}],"wp:attachment":[{"href":"https:\/\/imprimeideas.es\/en\/wp-json\/wp\/v2\/media?parent=41792"}],"wp:term":[{"taxonomy":"product_brand","embeddable":true,"href":"https:\/\/imprimeideas.es\/en\/wp-json\/wp\/v2\/product_brand?post=41792"},{"taxonomy":"product_cat","embeddable":true,"href":"https:\/\/imprimeideas.es\/en\/wp-json\/wp\/v2\/product_cat?post=41792"},{"taxonomy":"product_tag","embeddable":true,"href":"https:\/\/imprimeideas.es\/en\/wp-json\/wp\/v2\/product_tag?post=41792"}],"curies":[{"name":"wp","href":"https:\/\/api.w.org\/{rel}","templated":true}]}}