{"id":41790,"date":"2026-02-24T11:27:09","date_gmt":"2026-02-24T10:27:09","guid":{"rendered":"https:\/\/imprimeideas.es\/?post_type=product&p=41790"},"modified":"2026-02-26T18:13:45","modified_gmt":"2026-02-26T17:13:45","slug":"power-bank-dralia","status":"publish","type":"product","link":"https:\/\/imprimeideas.es\/en\/product\/power-bank-dralia\/","title":{"rendered":"Power Bank Dralia"},"content":{"rendered":"<p>Bater\u00eda auxiliar externa de 5.000 mAh fabricada en bamb\u00fa, con cargador inal\u00e1mbrico integrado 15W y soporte para dispositivo m\u00f3vil.Salida USB, con conexi\u00f3n Tipo C dual de entrada y salida e indicador LED de estado de carga. Compatible con dispositivos equipados con tecnolog\u00eda de carga inal\u00e1mbrica Qi, cable de carga Tipo C incluido. Presentado en caja individual de dise\u00f1o kraft, con manual de instrucciones en espa\u00f1ol e ingl\u00e9s. Entrada\/Salida USB C: 5-12V DC 3-1.67V, PD20WSalida USB: 5-12V DC 3-1.5ALas capacidades mostradas en todas nuestras bater\u00edas auxiliares externas son reales, incorporando todas ellas bater\u00edas de grado A y no recicladas, con una vida \u00fatil de al menos 500 ciclos de carga y seg\u00fan normativa CE. Adem\u00e1s, est\u00e1n fabricadas conforme a los est\u00e1ndares RoHS y en cumplimiento con los siguientes requisitos de seguridad:Sistema de protecci\u00f3n contra sobrecarga del power bank. Sistema de protecci\u00f3n contra descarga completa que proporciona una mayor durabilidad del power bank. Sistema de bloqueo para evitar cortocircuitos. Sistema de transferencia de carga constante, acorde con la capacidad del dispositivo de destino.<\/p>","protected":false},"excerpt":{"rendered":"<p>Inal\u00e1mbrico 15W. 5000 mAh. Salida USB. Salida y Entrada Tipo C<\/p>","protected":false},"featured_media":76672,"comment_status":"open","ping_status":"open","template":"","meta":{"inline_featured_image":false},"product_brand":[],"product_cat":[122,95],"product_tag":[],"class_list":{"0":"post-41790","1":"product","2":"type-product","3":"status-publish","4":"has-post-thumbnail","6":"product_cat-articulos-sostenibles","7":"product_cat-tecnologia-y-accesorios","9":"first","10":"outofstock","11":"taxable","12":"shipping-taxable","13":"purchasable","14":"product-type-variable","15":"has-default-attributes"},"aioseo_notices":[],"_links":{"self":[{"href":"https:\/\/imprimeideas.es\/en\/wp-json\/wp\/v2\/product\/41790","targetHints":{"allow":["GET"]}}],"collection":[{"href":"https:\/\/imprimeideas.es\/en\/wp-json\/wp\/v2\/product"}],"about":[{"href":"https:\/\/imprimeideas.es\/en\/wp-json\/wp\/v2\/types\/product"}],"replies":[{"embeddable":true,"href":"https:\/\/imprimeideas.es\/en\/wp-json\/wp\/v2\/comments?post=41790"}],"version-history":[{"count":1,"href":"https:\/\/imprimeideas.es\/en\/wp-json\/wp\/v2\/product\/41790\/revisions"}],"predecessor-version":[{"id":54904,"href":"https:\/\/imprimeideas.es\/en\/wp-json\/wp\/v2\/product\/41790\/revisions\/54904"}],"wp:featuredmedia":[{"embeddable":true,"href":"https:\/\/imprimeideas.es\/en\/wp-json\/wp\/v2\/media\/76672"}],"wp:attachment":[{"href":"https:\/\/imprimeideas.es\/en\/wp-json\/wp\/v2\/media?parent=41790"}],"wp:term":[{"taxonomy":"product_brand","embeddable":true,"href":"https:\/\/imprimeideas.es\/en\/wp-json\/wp\/v2\/product_brand?post=41790"},{"taxonomy":"product_cat","embeddable":true,"href":"https:\/\/imprimeideas.es\/en\/wp-json\/wp\/v2\/product_cat?post=41790"},{"taxonomy":"product_tag","embeddable":true,"href":"https:\/\/imprimeideas.es\/en\/wp-json\/wp\/v2\/product_tag?post=41790"}],"curies":[{"name":"wp","href":"https:\/\/api.w.org\/{rel}","templated":true}]}}