{"id":41786,"date":"2026-02-24T11:27:08","date_gmt":"2026-02-24T10:27:08","guid":{"rendered":"https:\/\/imprimeideas.es\/?post_type=product&p=41786"},"modified":"2026-02-26T18:19:39","modified_gmt":"2026-02-26T17:19:39","slug":"power-bank-yerry-rcs","status":"publish","type":"product","link":"https:\/\/imprimeideas.es\/en\/product\/power-bank-yerry-rcs\/","title":{"rendered":"Power Bank Yerry RCS"},"content":{"rendered":"<p>Bater\u00eda auxiliar externa de 8.000 mAh con cargador inal\u00e1mbrico integrado 10W, fabricada en combinaci\u00f3n de RABS y cuero reciclado. Salida USB, con conexiones Tipo C de entrada y salida y Micro USB de entrada. Con indicadores LED de estado de carga y compatible con dispositivos equipados con tecnolog\u00eda de carga inal\u00e1mbrica Qi. Incluye cable cargador Tipo C y manual de instrucciones en espa\u00f1ol e ingl\u00e9s. Presentado en caja individual de dise\u00f1o kraft.Entrada\/Salida USB C: 5-12V DC 3-1.5V, PD18WEntrada Micro USB: 5V DC 3ASalida USB: 5-12V DC 3-1.5AEl material RABS o ABS Reciclado y el cuero reciclado proceden del reciclado de art\u00edculos al final de su vida \u00fatil. Los materiales reciclados empleados incorporan la certificaci\u00f3n RCS que garantiza el origen reciclado de los mismos.Las capacidades mostradas en todas nuestras bater\u00edas auxiliares externas son reales, incorporando todas ellas bater\u00edas de grado A y no recicladas, con una vida \u00fatil de al menos 500 ciclos de carga y seg\u00fan normativa CE. Adem\u00e1s, est\u00e1n fabricadas conforme a los est\u00e1ndares RoHS y en cumplimiento con los siguientes requisitos de seguridad:Sistema de protecci\u00f3n contra sobrecarga del power bank. Sistema de protecci\u00f3n contra descarga completa que proporciona una mayor durabilidad del power bank. Sistema de bloqueo para evitar cortocircuitos. Sistema de transferencia de carga constante, acorde con la capacidad del dispositivo de destino.<\/p>","protected":false},"excerpt":{"rendered":"<p>Inal\u00e1mbrico 10W. 8000 mAh. 1 Salida USB y 1 Tipo C. Entrada Micro USB y Tipo C<\/p>","protected":false},"featured_media":76159,"comment_status":"open","ping_status":"open","template":"","meta":{"inline_featured_image":false},"product_brand":[],"product_cat":[122,95],"product_tag":[],"class_list":{"0":"post-41786","1":"product","2":"type-product","3":"status-publish","4":"has-post-thumbnail","6":"product_cat-articulos-sostenibles","7":"product_cat-tecnologia-y-accesorios","9":"first","10":"outofstock","11":"taxable","12":"shipping-taxable","13":"purchasable","14":"product-type-variable","15":"has-default-attributes"},"aioseo_notices":[],"_links":{"self":[{"href":"https:\/\/imprimeideas.es\/en\/wp-json\/wp\/v2\/product\/41786","targetHints":{"allow":["GET"]}}],"collection":[{"href":"https:\/\/imprimeideas.es\/en\/wp-json\/wp\/v2\/product"}],"about":[{"href":"https:\/\/imprimeideas.es\/en\/wp-json\/wp\/v2\/types\/product"}],"replies":[{"embeddable":true,"href":"https:\/\/imprimeideas.es\/en\/wp-json\/wp\/v2\/comments?post=41786"}],"version-history":[{"count":1,"href":"https:\/\/imprimeideas.es\/en\/wp-json\/wp\/v2\/product\/41786\/revisions"}],"predecessor-version":[{"id":54902,"href":"https:\/\/imprimeideas.es\/en\/wp-json\/wp\/v2\/product\/41786\/revisions\/54902"}],"wp:featuredmedia":[{"embeddable":true,"href":"https:\/\/imprimeideas.es\/en\/wp-json\/wp\/v2\/media\/76159"}],"wp:attachment":[{"href":"https:\/\/imprimeideas.es\/en\/wp-json\/wp\/v2\/media?parent=41786"}],"wp:term":[{"taxonomy":"product_brand","embeddable":true,"href":"https:\/\/imprimeideas.es\/en\/wp-json\/wp\/v2\/product_brand?post=41786"},{"taxonomy":"product_cat","embeddable":true,"href":"https:\/\/imprimeideas.es\/en\/wp-json\/wp\/v2\/product_cat?post=41786"},{"taxonomy":"product_tag","embeddable":true,"href":"https:\/\/imprimeideas.es\/en\/wp-json\/wp\/v2\/product_tag?post=41786"}],"curies":[{"name":"wp","href":"https:\/\/api.w.org\/{rel}","templated":true}]}}