{"id":41784,"date":"2026-02-24T11:27:08","date_gmt":"2026-02-24T10:27:08","guid":{"rendered":"https:\/\/imprimeideas.es\/?post_type=product&p=41784"},"modified":"2026-02-26T18:42:30","modified_gmt":"2026-02-26T17:42:30","slug":"altavoz-sotep-rcs","status":"publish","type":"product","link":"https:\/\/imprimeideas.es\/en\/product\/altavoz-sotep-rcs\/","title":{"rendered":"Altavoz Sotep RCS"},"content":{"rendered":"<p>Altavoz Bluetooth con carcasa fabricada en RABS y forrada en cuero reciclado.Con 3W de potencia y bater\u00eda de 400 mAh. Conexi\u00f3n Bluetooth 5.0, con ranura para tarjeta micro SD y base antideslizante. Incluye cable cargador Tipo C y manual de instrucciones en espa\u00f1ol e ingl\u00e9s. Presentado en caja individual de dise\u00f1o kraft.El material RABS o ABS Reciclado y el cuero reciclado proceden del reciclado de art\u00edculos al final de su vida \u00fatil. Los materiales reciclados empleados incorporan la certificaci\u00f3n RCS, que garantiza el origen reciclado de los mismos.<\/p>","protected":false},"excerpt":{"rendered":"<p>Conexi\u00f3n Bluetooth. Potencia Sonido 3W. Bater\u00eda 400 mAh<\/p>","protected":false},"featured_media":43188,"comment_status":"open","ping_status":"open","template":"","meta":{"inline_featured_image":false},"product_brand":[],"product_cat":[122,95],"product_tag":[],"class_list":{"0":"post-41784","1":"product","2":"type-product","3":"status-publish","4":"has-post-thumbnail","6":"product_cat-articulos-sostenibles","7":"product_cat-tecnologia-y-accesorios","9":"first","10":"instock","11":"taxable","12":"shipping-taxable","13":"purchasable","14":"product-type-variable","15":"has-default-attributes"},"aioseo_notices":[],"_links":{"self":[{"href":"https:\/\/imprimeideas.es\/en\/wp-json\/wp\/v2\/product\/41784","targetHints":{"allow":["GET"]}}],"collection":[{"href":"https:\/\/imprimeideas.es\/en\/wp-json\/wp\/v2\/product"}],"about":[{"href":"https:\/\/imprimeideas.es\/en\/wp-json\/wp\/v2\/types\/product"}],"replies":[{"embeddable":true,"href":"https:\/\/imprimeideas.es\/en\/wp-json\/wp\/v2\/comments?post=41784"}],"version-history":[{"count":1,"href":"https:\/\/imprimeideas.es\/en\/wp-json\/wp\/v2\/product\/41784\/revisions"}],"predecessor-version":[{"id":54901,"href":"https:\/\/imprimeideas.es\/en\/wp-json\/wp\/v2\/product\/41784\/revisions\/54901"}],"wp:featuredmedia":[{"embeddable":true,"href":"https:\/\/imprimeideas.es\/en\/wp-json\/wp\/v2\/media\/43188"}],"wp:attachment":[{"href":"https:\/\/imprimeideas.es\/en\/wp-json\/wp\/v2\/media?parent=41784"}],"wp:term":[{"taxonomy":"product_brand","embeddable":true,"href":"https:\/\/imprimeideas.es\/en\/wp-json\/wp\/v2\/product_brand?post=41784"},{"taxonomy":"product_cat","embeddable":true,"href":"https:\/\/imprimeideas.es\/en\/wp-json\/wp\/v2\/product_cat?post=41784"},{"taxonomy":"product_tag","embeddable":true,"href":"https:\/\/imprimeideas.es\/en\/wp-json\/wp\/v2\/product_tag?post=41784"}],"curies":[{"name":"wp","href":"https:\/\/api.w.org\/{rel}","templated":true}]}}