{"id":41778,"date":"2026-02-24T11:27:07","date_gmt":"2026-02-24T10:27:07","guid":{"rendered":"https:\/\/imprimeideas.es\/?post_type=product&p=41778"},"modified":"2026-02-26T18:13:36","modified_gmt":"2026-02-26T17:13:36","slug":"cable-cargador-sherat-rcs","status":"publish","type":"product","link":"https:\/\/imprimeideas.es\/en\/product\/cable-cargador-sherat-rcs\/","title":{"rendered":"Cable Cargador Sherat RCS"},"content":{"rendered":"<p>Cable cargador extensible de 1 m, fabricado en RABS y en elegante color blanco, con cables y detalles en cuero reciclado.Pieza central con cubierta en cuero reciclado y mecanismo interior que convierte al cable en extensible. Con conexiones de entrada Tipo C y USB y salidas Tipo C,Lightning y Micro USB. 5V DC 2.4AEl material RABS o ABS Reciclado y el cuero reciclado proceden del reciclado de art\u00edculos al final de su vida \u00fatil. Los materiales reciclados empleados incorporan la certificaci\u00f3n RCS, que garantiza el origen reciclado de los mismos.<\/p>","protected":false},"excerpt":{"rendered":"<p>Cable Extensible. Conexi\u00f3n Micro USB, Tipo C y Lightning 5V DC 2.4A<\/p>","protected":false},"featured_media":67494,"comment_status":"open","ping_status":"open","template":"","meta":{"inline_featured_image":false},"product_brand":[],"product_cat":[122,95],"product_tag":[],"class_list":{"0":"post-41778","1":"product","2":"type-product","3":"status-publish","4":"has-post-thumbnail","6":"product_cat-articulos-sostenibles","7":"product_cat-tecnologia-y-accesorios","9":"first","10":"instock","11":"taxable","12":"shipping-taxable","13":"purchasable","14":"product-type-variable","15":"has-default-attributes"},"aioseo_notices":[],"_links":{"self":[{"href":"https:\/\/imprimeideas.es\/en\/wp-json\/wp\/v2\/product\/41778","targetHints":{"allow":["GET"]}}],"collection":[{"href":"https:\/\/imprimeideas.es\/en\/wp-json\/wp\/v2\/product"}],"about":[{"href":"https:\/\/imprimeideas.es\/en\/wp-json\/wp\/v2\/types\/product"}],"replies":[{"embeddable":true,"href":"https:\/\/imprimeideas.es\/en\/wp-json\/wp\/v2\/comments?post=41778"}],"version-history":[{"count":1,"href":"https:\/\/imprimeideas.es\/en\/wp-json\/wp\/v2\/product\/41778\/revisions"}],"predecessor-version":[{"id":54898,"href":"https:\/\/imprimeideas.es\/en\/wp-json\/wp\/v2\/product\/41778\/revisions\/54898"}],"wp:featuredmedia":[{"embeddable":true,"href":"https:\/\/imprimeideas.es\/en\/wp-json\/wp\/v2\/media\/67494"}],"wp:attachment":[{"href":"https:\/\/imprimeideas.es\/en\/wp-json\/wp\/v2\/media?parent=41778"}],"wp:term":[{"taxonomy":"product_brand","embeddable":true,"href":"https:\/\/imprimeideas.es\/en\/wp-json\/wp\/v2\/product_brand?post=41778"},{"taxonomy":"product_cat","embeddable":true,"href":"https:\/\/imprimeideas.es\/en\/wp-json\/wp\/v2\/product_cat?post=41778"},{"taxonomy":"product_tag","embeddable":true,"href":"https:\/\/imprimeideas.es\/en\/wp-json\/wp\/v2\/product_tag?post=41778"}],"curies":[{"name":"wp","href":"https:\/\/api.w.org\/{rel}","templated":true}]}}