{"id":41770,"date":"2026-02-24T11:27:07","date_gmt":"2026-02-24T10:27:07","guid":{"rendered":"https:\/\/imprimeideas.es\/?post_type=product&p=41770"},"modified":"2026-02-25T19:52:22","modified_gmt":"2026-02-25T18:52:22","slug":"cable-cargador-nuskir","status":"publish","type":"product","link":"https:\/\/imprimeideas.es\/en\/product\/cable-cargador-nuskir\/","title":{"rendered":"Cable Cargador Nuskir"},"content":{"rendered":"<p>Cable cargador con cinta de transporte. Fabricado usando materiales naturales y respetuosos con el medio ambiente: Pieza central en madera natural. Cables recubiertos en c\u00e1\u00f1amo org\u00e1nico, obtenido de la planta cannabis, cuyos procesos tanto de cultivo como de obtenci\u00f3n de fibras, son respetuosos con el medio ambiente, dando como resultado un material de gran resistencia, de origen natural y sostenible. Fundas de conectores en ca\u00f1a de trigo, para as\u00ed fomentar la utilizaci\u00f3n de materias primas naturales y reducir las emisiones contaminantes.Incluye conexiones de entrada Tipo C y USB, salidas Lightning, Micro USB y Tipo C. 5V DC 2.4A. Presentado en bolsa individual de dise\u00f1o kraft.<\/p>","protected":false},"excerpt":{"rendered":"<p>Conexi\u00f3n Micro USB, Tipo C y Lightning 5V DC 2.4A<\/p>","protected":false},"featured_media":62462,"comment_status":"open","ping_status":"open","template":"","meta":{"inline_featured_image":false},"product_brand":[],"product_cat":[122,95],"product_tag":[],"class_list":{"0":"post-41770","1":"product","2":"type-product","3":"status-publish","4":"has-post-thumbnail","6":"product_cat-articulos-sostenibles","7":"product_cat-tecnologia-y-accesorios","9":"first","10":"outofstock","11":"taxable","12":"shipping-taxable","13":"purchasable","14":"product-type-variable","15":"has-default-attributes"},"aioseo_notices":[],"_links":{"self":[{"href":"https:\/\/imprimeideas.es\/en\/wp-json\/wp\/v2\/product\/41770","targetHints":{"allow":["GET"]}}],"collection":[{"href":"https:\/\/imprimeideas.es\/en\/wp-json\/wp\/v2\/product"}],"about":[{"href":"https:\/\/imprimeideas.es\/en\/wp-json\/wp\/v2\/types\/product"}],"replies":[{"embeddable":true,"href":"https:\/\/imprimeideas.es\/en\/wp-json\/wp\/v2\/comments?post=41770"}],"version-history":[{"count":1,"href":"https:\/\/imprimeideas.es\/en\/wp-json\/wp\/v2\/product\/41770\/revisions"}],"predecessor-version":[{"id":54894,"href":"https:\/\/imprimeideas.es\/en\/wp-json\/wp\/v2\/product\/41770\/revisions\/54894"}],"wp:featuredmedia":[{"embeddable":true,"href":"https:\/\/imprimeideas.es\/en\/wp-json\/wp\/v2\/media\/62462"}],"wp:attachment":[{"href":"https:\/\/imprimeideas.es\/en\/wp-json\/wp\/v2\/media?parent=41770"}],"wp:term":[{"taxonomy":"product_brand","embeddable":true,"href":"https:\/\/imprimeideas.es\/en\/wp-json\/wp\/v2\/product_brand?post=41770"},{"taxonomy":"product_cat","embeddable":true,"href":"https:\/\/imprimeideas.es\/en\/wp-json\/wp\/v2\/product_cat?post=41770"},{"taxonomy":"product_tag","embeddable":true,"href":"https:\/\/imprimeideas.es\/en\/wp-json\/wp\/v2\/product_tag?post=41770"}],"curies":[{"name":"wp","href":"https:\/\/api.w.org\/{rel}","templated":true}]}}