{"id":41766,"date":"2026-02-24T11:27:06","date_gmt":"2026-02-24T10:27:06","guid":{"rendered":"https:\/\/imprimeideas.es\/?post_type=product&p=41766"},"modified":"2026-02-26T18:23:30","modified_gmt":"2026-02-26T17:23:30","slug":"cargador-kuzgal","status":"publish","type":"product","link":"https:\/\/imprimeideas.es\/en\/product\/cargador-kuzgal\/","title":{"rendered":"Cargador Kuzgal"},"content":{"rendered":"<p>Cargador inal\u00e1mbrico de 15W, con carcasa fabricada en combinaci\u00f3n de c\u00e1\u00f1amo org\u00e1nico y madera natural. Compatible con dispositivos equipados con tecnolog\u00eda de carga inal\u00e1mbrica Qi. Incluye cable cargador Tipo C y manual de instrucciones en espa\u00f1ol e ingl\u00e9s. Presentado en caja individual de dise\u00f1o kraft.El c\u00e1\u00f1amo se obtiene de la planta cannabis, cuyos procesos tanto de cultivo como de obtenci\u00f3n de fibras, son respetuosos con el medio ambiente, dando como resultado un material de gran resistencia, de origen natural y sostenible. Fabricado conforme a los est\u00e1ndares RoHS y en cumplimiento con los siguientes requisitos de seguridad:Sistema de protecci\u00f3n contra sobrecalentamiento.Sistema de protecci\u00f3n contra sobrecarga.Sistema de bloqueo para evitar cortocircuitos.<\/p>","protected":false},"excerpt":{"rendered":"<p>Inal\u00e1mbrico 15W<\/p>","protected":false},"featured_media":73950,"comment_status":"open","ping_status":"open","template":"","meta":{"inline_featured_image":false},"product_brand":[],"product_cat":[122,95],"product_tag":[],"class_list":{"0":"post-41766","1":"product","2":"type-product","3":"status-publish","4":"has-post-thumbnail","6":"product_cat-articulos-sostenibles","7":"product_cat-tecnologia-y-accesorios","9":"first","10":"instock","11":"taxable","12":"shipping-taxable","13":"purchasable","14":"product-type-variable","15":"has-default-attributes"},"aioseo_notices":[],"_links":{"self":[{"href":"https:\/\/imprimeideas.es\/en\/wp-json\/wp\/v2\/product\/41766","targetHints":{"allow":["GET"]}}],"collection":[{"href":"https:\/\/imprimeideas.es\/en\/wp-json\/wp\/v2\/product"}],"about":[{"href":"https:\/\/imprimeideas.es\/en\/wp-json\/wp\/v2\/types\/product"}],"replies":[{"embeddable":true,"href":"https:\/\/imprimeideas.es\/en\/wp-json\/wp\/v2\/comments?post=41766"}],"version-history":[{"count":1,"href":"https:\/\/imprimeideas.es\/en\/wp-json\/wp\/v2\/product\/41766\/revisions"}],"predecessor-version":[{"id":54892,"href":"https:\/\/imprimeideas.es\/en\/wp-json\/wp\/v2\/product\/41766\/revisions\/54892"}],"wp:featuredmedia":[{"embeddable":true,"href":"https:\/\/imprimeideas.es\/en\/wp-json\/wp\/v2\/media\/73950"}],"wp:attachment":[{"href":"https:\/\/imprimeideas.es\/en\/wp-json\/wp\/v2\/media?parent=41766"}],"wp:term":[{"taxonomy":"product_brand","embeddable":true,"href":"https:\/\/imprimeideas.es\/en\/wp-json\/wp\/v2\/product_brand?post=41766"},{"taxonomy":"product_cat","embeddable":true,"href":"https:\/\/imprimeideas.es\/en\/wp-json\/wp\/v2\/product_cat?post=41766"},{"taxonomy":"product_tag","embeddable":true,"href":"https:\/\/imprimeideas.es\/en\/wp-json\/wp\/v2\/product_tag?post=41766"}],"curies":[{"name":"wp","href":"https:\/\/api.w.org\/{rel}","templated":true}]}}