{"id":41754,"date":"2026-02-24T11:27:05","date_gmt":"2026-02-24T10:27:05","guid":{"rendered":"https:\/\/imprimeideas.es\/?post_type=product&p=41754"},"modified":"2026-02-26T18:08:09","modified_gmt":"2026-02-26T17:08:09","slug":"altavoz-roby","status":"publish","type":"product","link":"https:\/\/imprimeideas.es\/en\/product\/altavoz-roby\/","title":{"rendered":"Altavoz Roby"},"content":{"rendered":"<p>Potente altavoz est\u00e9reo Bluetooth 2x5W con luz multicolor y tecnolog\u00eda TWS (True Wirelss Stereo). Port\u00e1til y fabricado en resistente material forrado en poli\u00e9ster, con rejilla. Con luces LED multicolor y 6 posiciones de iluminaci\u00f3n. Conexi\u00f3n Bluetooth 5.0, con panel de control integrado en el lateral del altavoz. Con funci\u00f3n manos libres y entrada de l\u00ednea mediante conexi\u00f3n jack de 3,5 mm. Bater\u00eda de litio de 1.200 mAh y cable de carga Tipo C incluido. Con asa de transporte y placa integrada en la rejilla para f\u00e1cil marcaje. Presentado en caja individual de dise\u00f1o kraft, con manual de instrucciones en espa\u00f1ol e ingl\u00e9s.<\/p>","protected":false},"excerpt":{"rendered":"<p>6 Posiciones de Luz Multicolor. Conexi\u00f3n Bluetooth. Potencia Sonido 5Wx2. Bater\u00eda 1200 mAh<\/p>","protected":false},"featured_media":84125,"comment_status":"open","ping_status":"open","template":"","meta":{"inline_featured_image":false},"product_brand":[],"product_cat":[95],"product_tag":[],"class_list":{"0":"post-41754","1":"product","2":"type-product","3":"status-publish","4":"has-post-thumbnail","6":"product_cat-tecnologia-y-accesorios","8":"first","9":"outofstock","10":"taxable","11":"shipping-taxable","12":"purchasable","13":"product-type-variable","14":"has-default-attributes"},"aioseo_notices":[],"_links":{"self":[{"href":"https:\/\/imprimeideas.es\/en\/wp-json\/wp\/v2\/product\/41754","targetHints":{"allow":["GET"]}}],"collection":[{"href":"https:\/\/imprimeideas.es\/en\/wp-json\/wp\/v2\/product"}],"about":[{"href":"https:\/\/imprimeideas.es\/en\/wp-json\/wp\/v2\/types\/product"}],"replies":[{"embeddable":true,"href":"https:\/\/imprimeideas.es\/en\/wp-json\/wp\/v2\/comments?post=41754"}],"version-history":[{"count":1,"href":"https:\/\/imprimeideas.es\/en\/wp-json\/wp\/v2\/product\/41754\/revisions"}],"predecessor-version":[{"id":54886,"href":"https:\/\/imprimeideas.es\/en\/wp-json\/wp\/v2\/product\/41754\/revisions\/54886"}],"wp:featuredmedia":[{"embeddable":true,"href":"https:\/\/imprimeideas.es\/en\/wp-json\/wp\/v2\/media\/84125"}],"wp:attachment":[{"href":"https:\/\/imprimeideas.es\/en\/wp-json\/wp\/v2\/media?parent=41754"}],"wp:term":[{"taxonomy":"product_brand","embeddable":true,"href":"https:\/\/imprimeideas.es\/en\/wp-json\/wp\/v2\/product_brand?post=41754"},{"taxonomy":"product_cat","embeddable":true,"href":"https:\/\/imprimeideas.es\/en\/wp-json\/wp\/v2\/product_cat?post=41754"},{"taxonomy":"product_tag","embeddable":true,"href":"https:\/\/imprimeideas.es\/en\/wp-json\/wp\/v2\/product_tag?post=41754"}],"curies":[{"name":"wp","href":"https:\/\/api.w.org\/{rel}","templated":true}]}}