{"id":41752,"date":"2026-02-24T11:27:04","date_gmt":"2026-02-24T10:27:04","guid":{"rendered":"https:\/\/imprimeideas.es\/?post_type=product&p=41752"},"modified":"2026-02-26T18:32:55","modified_gmt":"2026-02-26T17:32:55","slug":"cargador-organizador-beny","status":"publish","type":"product","link":"https:\/\/imprimeideas.es\/en\/product\/cargador-organizador-beny\/","title":{"rendered":"Cargador Organizador Beny"},"content":{"rendered":"<p>Cargador organizador inal\u00e1mbrico 15W. Con base fabricada en en corcho natural y superficie de carga en bamb\u00fa. Soporte para smartphone integrado y espacio de almacenaje para art\u00edculos de escritorio. Compatible con dispositivos equipados con tecnolog\u00eda de carga inal\u00e1mbrica Qi, con indicador LED de estado de carga y cable de carga Tipo C incluido. Base antideslizante y presentado en caja individual de dise\u00f1o kraft, con manual de instrucciones en espa\u00f1ol e ingl\u00e9s.Fabricado conforme a los est\u00e1ndares RoHS y en cumplimiento con los siguientes requisitos de seguridad:Sistema de protecci\u00f3n contra sobrecalentamiento.Sistema de protecci\u00f3n contra sobrecarga.Sistema de bloqueo para evitar cortocircuitos.<\/p>","protected":false},"excerpt":{"rendered":"<p>Inal\u00e1mbrico 15W<\/p>","protected":false},"featured_media":70184,"comment_status":"open","ping_status":"open","template":"","meta":{"inline_featured_image":false},"product_brand":[],"product_cat":[122,95],"product_tag":[],"class_list":{"0":"post-41752","1":"product","2":"type-product","3":"status-publish","4":"has-post-thumbnail","6":"product_cat-articulos-sostenibles","7":"product_cat-tecnologia-y-accesorios","9":"first","10":"instock","11":"taxable","12":"shipping-taxable","13":"purchasable","14":"product-type-variable","15":"has-default-attributes"},"aioseo_notices":[],"_links":{"self":[{"href":"https:\/\/imprimeideas.es\/en\/wp-json\/wp\/v2\/product\/41752","targetHints":{"allow":["GET"]}}],"collection":[{"href":"https:\/\/imprimeideas.es\/en\/wp-json\/wp\/v2\/product"}],"about":[{"href":"https:\/\/imprimeideas.es\/en\/wp-json\/wp\/v2\/types\/product"}],"replies":[{"embeddable":true,"href":"https:\/\/imprimeideas.es\/en\/wp-json\/wp\/v2\/comments?post=41752"}],"version-history":[{"count":1,"href":"https:\/\/imprimeideas.es\/en\/wp-json\/wp\/v2\/product\/41752\/revisions"}],"predecessor-version":[{"id":54885,"href":"https:\/\/imprimeideas.es\/en\/wp-json\/wp\/v2\/product\/41752\/revisions\/54885"}],"wp:featuredmedia":[{"embeddable":true,"href":"https:\/\/imprimeideas.es\/en\/wp-json\/wp\/v2\/media\/70184"}],"wp:attachment":[{"href":"https:\/\/imprimeideas.es\/en\/wp-json\/wp\/v2\/media?parent=41752"}],"wp:term":[{"taxonomy":"product_brand","embeddable":true,"href":"https:\/\/imprimeideas.es\/en\/wp-json\/wp\/v2\/product_brand?post=41752"},{"taxonomy":"product_cat","embeddable":true,"href":"https:\/\/imprimeideas.es\/en\/wp-json\/wp\/v2\/product_cat?post=41752"},{"taxonomy":"product_tag","embeddable":true,"href":"https:\/\/imprimeideas.es\/en\/wp-json\/wp\/v2\/product_tag?post=41752"}],"curies":[{"name":"wp","href":"https:\/\/api.w.org\/{rel}","templated":true}]}}