{"id":41750,"date":"2026-02-24T11:27:04","date_gmt":"2026-02-24T10:27:04","guid":{"rendered":"https:\/\/imprimeideas.es\/?post_type=product&p=41750"},"modified":"2026-02-26T18:13:41","modified_gmt":"2026-02-26T17:13:41","slug":"auriculares-grigal","status":"publish","type":"product","link":"https:\/\/imprimeideas.es\/en\/product\/auriculares-grigal\/","title":{"rendered":"Auriculares Grigal"},"content":{"rendered":"<p>Auriculares intraurales de conexi\u00f3n Bluetooth 5.0, con bater\u00eda integrada de litio de 30 mAh en cada auricular y en elegante acabado de color blanco. De dise\u00f1o ergon\u00f3mico, incluyen bot\u00f3n de control t\u00e1ctil en el auricular y funci\u00f3n manos libres. Base de carga en corcho natural con tapa en bamb\u00fa. Base de 300 mAh de capacidad e indicador LED de estado de carga, con cable de carga Tipo C incluido. Presentaci\u00f3n en caja individual de dise\u00f1o kraft, con manual de instrucciones en espa\u00f1ol e ingl\u00e9s.<\/p>","protected":false},"excerpt":{"rendered":"<p>Conexi\u00f3n Bluetooth. Bater\u00eda 30 mAh\/ Base Carga 300 mAh<\/p>","protected":false},"featured_media":70331,"comment_status":"open","ping_status":"open","template":"","meta":{"inline_featured_image":false},"product_brand":[],"product_cat":[122,95],"product_tag":[],"class_list":{"0":"post-41750","1":"product","2":"type-product","3":"status-publish","4":"has-post-thumbnail","6":"product_cat-articulos-sostenibles","7":"product_cat-tecnologia-y-accesorios","9":"first","10":"instock","11":"taxable","12":"shipping-taxable","13":"purchasable","14":"product-type-variable","15":"has-default-attributes"},"aioseo_notices":[],"_links":{"self":[{"href":"https:\/\/imprimeideas.es\/en\/wp-json\/wp\/v2\/product\/41750","targetHints":{"allow":["GET"]}}],"collection":[{"href":"https:\/\/imprimeideas.es\/en\/wp-json\/wp\/v2\/product"}],"about":[{"href":"https:\/\/imprimeideas.es\/en\/wp-json\/wp\/v2\/types\/product"}],"replies":[{"embeddable":true,"href":"https:\/\/imprimeideas.es\/en\/wp-json\/wp\/v2\/comments?post=41750"}],"version-history":[{"count":1,"href":"https:\/\/imprimeideas.es\/en\/wp-json\/wp\/v2\/product\/41750\/revisions"}],"predecessor-version":[{"id":54884,"href":"https:\/\/imprimeideas.es\/en\/wp-json\/wp\/v2\/product\/41750\/revisions\/54884"}],"wp:featuredmedia":[{"embeddable":true,"href":"https:\/\/imprimeideas.es\/en\/wp-json\/wp\/v2\/media\/70331"}],"wp:attachment":[{"href":"https:\/\/imprimeideas.es\/en\/wp-json\/wp\/v2\/media?parent=41750"}],"wp:term":[{"taxonomy":"product_brand","embeddable":true,"href":"https:\/\/imprimeideas.es\/en\/wp-json\/wp\/v2\/product_brand?post=41750"},{"taxonomy":"product_cat","embeddable":true,"href":"https:\/\/imprimeideas.es\/en\/wp-json\/wp\/v2\/product_cat?post=41750"},{"taxonomy":"product_tag","embeddable":true,"href":"https:\/\/imprimeideas.es\/en\/wp-json\/wp\/v2\/product_tag?post=41750"}],"curies":[{"name":"wp","href":"https:\/\/api.w.org\/{rel}","templated":true}]}}