{"id":41744,"date":"2026-02-24T11:27:03","date_gmt":"2026-02-24T10:27:03","guid":{"rendered":"https:\/\/imprimeideas.es\/?post_type=product&p=41744"},"modified":"2026-02-26T18:19:33","modified_gmt":"2026-02-26T17:19:33","slug":"estacion-meteorologica-lautar","status":"publish","type":"product","link":"https:\/\/imprimeideas.es\/en\/product\/estacion-meteorologica-lautar\/","title":{"rendered":"Estaci\u00f3n Meteorol\u00f3gica Lautar"},"content":{"rendered":"<p>Estaci\u00f3n meteorol\u00f3gica premium multifunci\u00f3n, fabricada en resistente ABS de acabado negro satinado. Incluye pantalla retroiluminada, de f\u00e1cil lectura y con gr\u00e1ficos en color. Con sensor inal\u00e1mbrico para temperatura\/humedad exterior y sensor integrado para temperatura\/humedad interior. Funciones alarma y calendario, con APP disponible -compatible con iOS\/ Android- para control remoto a trav\u00e9s de red WiFi y funciones extra. Adaptador de corriente y cable USB incluido de 1 m de largo, con soporte para montaje en la pared. Sensor externo con alimentaci\u00f3n a pilas (2xAAA no incluidas). Presentaci\u00f3n en caja individual de dise\u00f1o kraft, con manual de instrucciones en espa\u00f1ol e ingl\u00e9s.<\/p>","protected":false},"excerpt":{"rendered":"<p>Temperatura Interior\/ Exterior. Adaptador Conexi\u00f3n USB<\/p>","protected":false},"featured_media":77554,"comment_status":"open","ping_status":"open","template":"","meta":{"inline_featured_image":false},"product_brand":[],"product_cat":[111,95],"product_tag":[],"class_list":{"0":"post-41744","1":"product","2":"type-product","3":"status-publish","4":"has-post-thumbnail","6":"product_cat-agricultura","7":"product_cat-tecnologia-y-accesorios","9":"first","10":"instock","11":"taxable","12":"shipping-taxable","13":"purchasable","14":"product-type-variable","15":"has-default-attributes"},"aioseo_notices":[],"_links":{"self":[{"href":"https:\/\/imprimeideas.es\/en\/wp-json\/wp\/v2\/product\/41744","targetHints":{"allow":["GET"]}}],"collection":[{"href":"https:\/\/imprimeideas.es\/en\/wp-json\/wp\/v2\/product"}],"about":[{"href":"https:\/\/imprimeideas.es\/en\/wp-json\/wp\/v2\/types\/product"}],"replies":[{"embeddable":true,"href":"https:\/\/imprimeideas.es\/en\/wp-json\/wp\/v2\/comments?post=41744"}],"version-history":[{"count":1,"href":"https:\/\/imprimeideas.es\/en\/wp-json\/wp\/v2\/product\/41744\/revisions"}],"predecessor-version":[{"id":54881,"href":"https:\/\/imprimeideas.es\/en\/wp-json\/wp\/v2\/product\/41744\/revisions\/54881"}],"wp:featuredmedia":[{"embeddable":true,"href":"https:\/\/imprimeideas.es\/en\/wp-json\/wp\/v2\/media\/77554"}],"wp:attachment":[{"href":"https:\/\/imprimeideas.es\/en\/wp-json\/wp\/v2\/media?parent=41744"}],"wp:term":[{"taxonomy":"product_brand","embeddable":true,"href":"https:\/\/imprimeideas.es\/en\/wp-json\/wp\/v2\/product_brand?post=41744"},{"taxonomy":"product_cat","embeddable":true,"href":"https:\/\/imprimeideas.es\/en\/wp-json\/wp\/v2\/product_cat?post=41744"},{"taxonomy":"product_tag","embeddable":true,"href":"https:\/\/imprimeideas.es\/en\/wp-json\/wp\/v2\/product_tag?post=41744"}],"curies":[{"name":"wp","href":"https:\/\/api.w.org\/{rel}","templated":true}]}}